{"id":74,"date":"2020-09-28T14:13:34","date_gmt":"2020-09-28T14:13:34","guid":{"rendered":"https:\/\/www.rpcayambe.gob.ec\/site\/?page_id=74"},"modified":"2020-11-26T20:04:16","modified_gmt":"2020-11-26T20:04:16","slug":"trabaja-con-nosotros","status":"publish","type":"page","link":"https:\/\/www.rpcayambe.gob.ec\/site\/trabaja-con-nosotros\/","title":{"rendered":"Trabaja con Nosotros"},"content":{"rendered":"<h2><b>Env\u00edanos tu Hoja de Vida<\/b><\/h2>\n<p><big>Su informaci\u00f3n formar\u00e1 parte de nuestra base de datos digital para la selecci\u00f3n de personal en cumplimiento de la Normativa T\u00e9cnica de Selecci\u00f3n de Personal vigente.<\/big><\/p>\n<p>\u00a0<\/p>\n\n\n<div class=\"wp-block-contact-form-7-contact-form-selector\">\n<div class=\"wpcf7 no-js\" id=\"wpcf7-f702-o1\" lang=\"es-ES\" dir=\"ltr\">\n<div class=\"screen-reader-response\"><p role=\"status\" aria-live=\"polite\" aria-atomic=\"true\"><\/p> <ul><\/ul><\/div>\n<form action=\"\/site\/wp-json\/wp\/v2\/pages\/74#wpcf7-f702-o1\" method=\"post\" class=\"wpcf7-form init\" aria-label=\"Formulario de contacto\" enctype=\"multipart\/form-data\" novalidate=\"novalidate\" data-status=\"init\">\n<div style=\"display: none;\">\n<input type=\"hidden\" name=\"_wpcf7\" value=\"702\" \/>\n<input type=\"hidden\" name=\"_wpcf7_version\" value=\"5.9.8\" \/>\n<input type=\"hidden\" name=\"_wpcf7_locale\" value=\"es_ES\" \/>\n<input type=\"hidden\" name=\"_wpcf7_unit_tag\" value=\"wpcf7-f702-o1\" \/>\n<input type=\"hidden\" name=\"_wpcf7_container_post\" value=\"0\" \/>\n<input type=\"hidden\" name=\"_wpcf7_posted_data_hash\" value=\"\" \/>\n<input type=\"hidden\" name=\"_wpcf7_recaptcha_response\" value=\"\" \/>\n<\/div>\n<p><span class=\"wpcf7-form-control-wrap\" data-name=\"text-nom\"><input size=\"40\" maxlength=\"400\" class=\"wpcf7-form-control wpcf7-text wpcf7-validates-as-required form-control\" aria-required=\"true\" aria-invalid=\"false\" placeholder=\"Su Nombre\" value=\"\" type=\"text\" name=\"text-nom\" \/><\/span>\n<\/p>\n<p><span class=\"wpcf7-form-control-wrap\" data-name=\"text-ape\"><input size=\"40\" maxlength=\"400\" class=\"wpcf7-form-control wpcf7-text wpcf7-validates-as-required form-control\" aria-required=\"true\" aria-invalid=\"false\" placeholder=\"Su Apellido\" value=\"\" type=\"text\" name=\"text-ape\" \/><\/span>\n<\/p>\n<p><span class=\"wpcf7-form-control-wrap\" data-name=\"text-tit\"><input size=\"40\" maxlength=\"400\" class=\"wpcf7-form-control wpcf7-text wpcf7-validates-as-required form-control\" aria-required=\"true\" aria-invalid=\"false\" placeholder=\"T\u00edtulo acad\u00e9mico\/profesional\" value=\"\" type=\"text\" name=\"text-tit\" \/><\/span>\n<\/p>\n<p><span class=\"wpcf7-form-control-wrap\" data-name=\"text-email\"><input size=\"40\" maxlength=\"400\" class=\"wpcf7-form-control wpcf7-email wpcf7-validates-as-required wpcf7-text wpcf7-validates-as-email form-control\" aria-required=\"true\" aria-invalid=\"false\" placeholder=\"Email\" value=\"\" type=\"email\" name=\"text-email\" \/><\/span>\n<\/p>\n<p><span class=\"wpcf7-form-control-wrap\" data-name=\"text-telf\"><input size=\"40\" maxlength=\"400\" class=\"wpcf7-form-control wpcf7-text wpcf7-validates-as-required form-control\" aria-required=\"true\" aria-invalid=\"false\" placeholder=\"Tel\u00e9fono fijo\" value=\"\" type=\"text\" name=\"text-telf\" \/><\/span>\n<\/p>\n<p><span class=\"wpcf7-form-control-wrap\" data-name=\"text-cel\"><input size=\"40\" maxlength=\"400\" class=\"wpcf7-form-control wpcf7-text wpcf7-validates-as-required form-control\" aria-required=\"true\" aria-invalid=\"false\" placeholder=\"Tel\u00e9fono celular\" value=\"\" type=\"text\" name=\"text-cel\" \/><\/span>\n<\/p>\n<p>Archivo de Hoja de vida (pdf, doc, docx, ods)<span class=\"wpcf7-form-control-wrap\" data-name=\"file-hv\"><input size=\"40\" class=\"wpcf7-form-control wpcf7-file wpcf7-validates-as-required\" accept=\".pdf,.doc,.docx,.ods\" aria-required=\"true\" aria-invalid=\"false\" type=\"file\" name=\"file-hv\" \/><\/span>\n<\/p>\n<p><label> Digite el siguiente c\u00f3digo de verificaci\u00f3n<br \/>\n<input type=\"hidden\" name=\"_wpcf7_captcha_challenge_captcha-170\" value=\"3690375323\" \/><img loading=\"lazy\" decoding=\"async\" class=\"wpcf7-form-control wpcf7-captchac wpcf7-captcha-captcha-170\" width=\"72\" height=\"24\" alt=\"captcha\" src=\"https:\/\/www.rpcayambe.gob.ec\/site\/wp-content\/uploads\/wpcf7_captcha\/3690375323.png\" \/><br \/>\n<span class=\"wpcf7-form-control-wrap\" data-name=\"captcha-170\"><input size=\"4\" maxlength=\"4\" class=\"wpcf7-form-control wpcf7-captchar\" autocomplete=\"off\" aria-invalid=\"false\" value=\"\" type=\"text\" name=\"captcha-170\" \/><\/span> <\/label>\n<\/p>\n<p><input class=\"wpcf7-form-control wpcf7-submit has-spinner btn btn-primary\" type=\"submit\" value=\"Enviar\" \/>\n<\/p><div class=\"wpcf7-response-output\" aria-hidden=\"true\"><\/div>\n<\/form>\n<\/div>\n<\/div>\n","protected":false},"excerpt":{"rendered":"<p>Env\u00edanos tu Hoja de Vida Su informaci\u00f3n formar\u00e1 parte de nuestra base de datos digital para la selecci\u00f3n de personal en cumplimiento de la Normativa T\u00e9cnica de Selecci\u00f3n de Personal vigente. \u00a0<\/p>\n","protected":false},"author":2,"featured_media":0,"parent":0,"menu_order":0,"comment_status":"closed","ping_status":"closed","template":"","meta":{"footnotes":""},"class_list":["post-74","page","type-page","status-publish","hentry"],"_links":{"self":[{"href":"https:\/\/www.rpcayambe.gob.ec\/site\/wp-json\/wp\/v2\/pages\/74","targetHints":{"allow":["GET"]}}],"collection":[{"href":"https:\/\/www.rpcayambe.gob.ec\/site\/wp-json\/wp\/v2\/pages"}],"about":[{"href":"https:\/\/www.rpcayambe.gob.ec\/site\/wp-json\/wp\/v2\/types\/page"}],"author":[{"embeddable":true,"href":"https:\/\/www.rpcayambe.gob.ec\/site\/wp-json\/wp\/v2\/users\/2"}],"replies":[{"embeddable":true,"href":"https:\/\/www.rpcayambe.gob.ec\/site\/wp-json\/wp\/v2\/comments?post=74"}],"version-history":[{"count":5,"href":"https:\/\/www.rpcayambe.gob.ec\/site\/wp-json\/wp\/v2\/pages\/74\/revisions"}],"predecessor-version":[{"id":726,"href":"https:\/\/www.rpcayambe.gob.ec\/site\/wp-json\/wp\/v2\/pages\/74\/revisions\/726"}],"wp:attachment":[{"href":"https:\/\/www.rpcayambe.gob.ec\/site\/wp-json\/wp\/v2\/media?parent=74"}],"curies":[{"name":"wp","href":"https:\/\/api.w.org\/{rel}","templated":true}]}}