{"id":540,"date":"2020-10-19T19:10:36","date_gmt":"2020-10-19T19:10:36","guid":{"rendered":"https:\/\/www.rpcayambe.gob.ec\/site\/?page_id=540"},"modified":"2021-06-08T12:16:18","modified_gmt":"2021-06-08T17:16:18","slug":"buzon-de-sugerencias","status":"publish","type":"page","link":"https:\/\/www.rpcayambe.gob.ec\/site\/buzon-de-sugerencias\/","title":{"rendered":"Buz\u00f3n de Sugerencias 2019"},"content":{"rendered":"\n<figure><img decoding=\"async\" src=\"https:\/\/www.rpcayambe.gob.ec\/site\/wp-content\/uploads\/2020\/10\/BUZO\u0301N-DE-SUGERENCIAS-copy-1-1024x512.png\" alt=\"\"\/><\/figure>\n\n\n\n<p>Estimado ciudadano dando cumplimiento al Instructivo para implementar la fase de deliberaci\u00f3n ciudadana del proceso de rendici\u00f3n de cuentas periodo fiscal 2019, emitido por el CPCCS, el Registro de la Propiedad y Mercantil del Cat\u00f3n Cayambe, pone a su disposici\u00f3n este medio de opini\u00f3n, sugerencias y aporte ciudadano a los resultados presentados por la autoridad sobre la gesti\u00f3n institucional.<\/p>\n\n\n\n<div class=\"wpcf7 no-js\" id=\"wpcf7-f750-o1\" lang=\"es-ES\" dir=\"ltr\" data-wpcf7-id=\"750\">\n<div class=\"screen-reader-response\"><p role=\"status\" aria-live=\"polite\" aria-atomic=\"true\"><\/p> <ul><\/ul><\/div>\n<form action=\"\/site\/wp-json\/wp\/v2\/pages\/540#wpcf7-f750-o1\" method=\"post\" class=\"wpcf7-form init\" aria-label=\"Formulario de contacto\" novalidate=\"novalidate\" data-status=\"init\">\n<fieldset class=\"hidden-fields-container\"><input type=\"hidden\" name=\"_wpcf7\" value=\"750\" \/><input type=\"hidden\" name=\"_wpcf7_version\" value=\"6.1.5\" \/><input type=\"hidden\" name=\"_wpcf7_locale\" value=\"es_ES\" \/><input type=\"hidden\" name=\"_wpcf7_unit_tag\" value=\"wpcf7-f750-o1\" \/><input type=\"hidden\" name=\"_wpcf7_container_post\" value=\"0\" \/><input type=\"hidden\" name=\"_wpcf7_posted_data_hash\" value=\"\" \/><input type=\"hidden\" name=\"_wpcf7_recaptcha_response\" value=\"\" \/>\n<\/fieldset>\n<p><span class=\"wpcf7-form-control-wrap\" data-name=\"text-ced\"><input size=\"40\" maxlength=\"10\" minlength=\"10\" class=\"wpcf7-form-control wpcf7-text wpcf7-validates-as-required form-control\" aria-required=\"true\" aria-invalid=\"false\" placeholder=\"N\u00famero de C\u00e9dula\" value=\"\" type=\"text\" name=\"text-ced\" \/><\/span>\n<\/p>\n<p><span class=\"wpcf7-form-control-wrap\" data-name=\"text-nom\"><input size=\"40\" maxlength=\"400\" class=\"wpcf7-form-control wpcf7-text wpcf7-validates-as-required form-control\" aria-required=\"true\" aria-invalid=\"false\" placeholder=\"Sus Nombres\" value=\"\" type=\"text\" name=\"text-nom\" \/><\/span>\n<\/p>\n<p><span class=\"wpcf7-form-control-wrap\" data-name=\"text-ape\"><input size=\"40\" maxlength=\"400\" class=\"wpcf7-form-control wpcf7-text wpcf7-validates-as-required form-control\" aria-required=\"true\" aria-invalid=\"false\" placeholder=\"Sus Apellidos\" value=\"\" type=\"text\" name=\"text-ape\" \/><\/span>\n<\/p>\n<p><span class=\"wpcf7-form-control-wrap\" data-name=\"text-email\"><input size=\"40\" maxlength=\"400\" class=\"wpcf7-form-control wpcf7-email wpcf7-validates-as-required wpcf7-text wpcf7-validates-as-email form-control\" aria-required=\"true\" aria-invalid=\"false\" placeholder=\"Email\" value=\"\" type=\"email\" name=\"text-email\" \/><\/span>\n<\/p>\n<p><span class=\"wpcf7-form-control-wrap\" data-name=\"text-cel\"><input size=\"40\" maxlength=\"10\" minlength=\"10\" class=\"wpcf7-form-control wpcf7-text wpcf7-validates-as-required form-control\" aria-required=\"true\" aria-invalid=\"false\" placeholder=\"Tel\u00e9fono celular\" value=\"\" type=\"text\" name=\"text-cel\" \/><\/span>\n<\/p>\n<p><span class=\"wpcf7-form-control-wrap\" data-name=\"text-telf\"><input size=\"40\" maxlength=\"9\" minlength=\"7\" class=\"wpcf7-form-control wpcf7-text wpcf7-validates-as-required form-control\" aria-required=\"true\" aria-invalid=\"false\" placeholder=\"Tel\u00e9fono fijo\" value=\"\" type=\"text\" name=\"text-telf\" \/><\/span>\n<\/p>\n<p><span class=\"wpcf7-form-control-wrap\" data-name=\"text-sugerencia\"><textarea cols=\"40\" rows=\"10\" maxlength=\"2000\" class=\"wpcf7-form-control wpcf7-textarea wpcf7-validates-as-required form-control\" aria-required=\"true\" aria-invalid=\"false\" placeholder=\"Sugerencia\" name=\"text-sugerencia\"><\/textarea><\/span>\n<\/p>\n<p><label> Digite el siguiente c\u00f3digo de verificaci\u00f3n<br \/>\n<strong>Advertencia:<\/strong> El plugin <a href=\"https:\/\/wordpress.org\/plugins\/really-simple-captcha\/\">Really Simple CAPTCHA<\/a> no est\u00e1 activo.<br \/>\n<span class=\"wpcf7-form-control-wrap\" data-name=\"captcha-170\"><input size=\"4\" maxlength=\"4\" class=\"wpcf7-form-control wpcf7-captchar\" autocomplete=\"off\" aria-invalid=\"false\" value=\"\" type=\"text\" name=\"captcha-170\" \/><\/span> <\/label>\n<\/p>\n<p><input class=\"wpcf7-form-control wpcf7-submit has-spinner btn btn-primary\" type=\"submit\" value=\"Enviar\" \/>\n<\/p><div class=\"wpcf7-response-output\" aria-hidden=\"true\"><\/div>\n<\/form>\n<\/div>\n\n<p>Si deseas revisar nuevamenta la Rendici\u00f3n de Cuentas del Registro de la Propiedad y Mercantil del Cant\u00f3n Cayambe da click en el siguiente enlace.<\/p>\n<p>\t\t\t\t\t\t\t\t\t\t\t<a href=\"https:\/\/www.rpcayambe.gob.ec\/site\/rendicion-de-cuentas-2019-2\/\"><br>\n\t\t\t\t\t\t\t<img loading=\"lazy\" decoding=\"async\" width=\"300\" height=\"94\" src=\"https:\/\/www.rpcayambe.gob.ec\/site\/wp-content\/uploads\/2020\/10\/Rendicion-de-cuentas1-300x94.png\" alt=\"\" loading=\"lazy\" srcset=\"https:\/\/www.rpcayambe.gob.ec\/site\/wp-content\/uploads\/2020\/10\/Rendicion-de-cuentas1-300x94.png 300w, https:\/\/www.rpcayambe.gob.ec\/site\/wp-content\/uploads\/2020\/10\/Rendicion-de-cuentas1-768x240.png 768w, https:\/\/www.rpcayambe.gob.ec\/site\/wp-content\/uploads\/2020\/10\/Rendicion-de-cuentas1.png 800w\" sizes=\"auto, (max-width: 300px) 100vw, 300px\">\t\t\t\t\t\t\t\t<\/a><\/p>","protected":false},"excerpt":{"rendered":"<p>Estimado ciudadano dando cumplimiento al Instructivo para implementar la fase de deliberaci\u00f3n ciudadana del proceso de rendici\u00f3n de cuentas periodo fiscal 2019, emitido por el CPCCS, el Registro de la Propiedad y<a class=\"moretag\" href=\"https:\/\/www.rpcayambe.gob.ec\/site\/buzon-de-sugerencias\/\">Leer m\u00e1s&#8230;<\/a><\/p>\n","protected":false},"author":2,"featured_media":0,"parent":0,"menu_order":0,"comment_status":"closed","ping_status":"closed","template":"","meta":{"footnotes":""},"class_list":["post-540","page","type-page","status-publish","hentry"],"_links":{"self":[{"href":"https:\/\/www.rpcayambe.gob.ec\/site\/wp-json\/wp\/v2\/pages\/540","targetHints":{"allow":["GET"]}}],"collection":[{"href":"https:\/\/www.rpcayambe.gob.ec\/site\/wp-json\/wp\/v2\/pages"}],"about":[{"href":"https:\/\/www.rpcayambe.gob.ec\/site\/wp-json\/wp\/v2\/types\/page"}],"author":[{"embeddable":true,"href":"https:\/\/www.rpcayambe.gob.ec\/site\/wp-json\/wp\/v2\/users\/2"}],"replies":[{"embeddable":true,"href":"https:\/\/www.rpcayambe.gob.ec\/site\/wp-json\/wp\/v2\/comments?post=540"}],"version-history":[{"count":11,"href":"https:\/\/www.rpcayambe.gob.ec\/site\/wp-json\/wp\/v2\/pages\/540\/revisions"}],"predecessor-version":[{"id":1268,"href":"https:\/\/www.rpcayambe.gob.ec\/site\/wp-json\/wp\/v2\/pages\/540\/revisions\/1268"}],"wp:attachment":[{"href":"https:\/\/www.rpcayambe.gob.ec\/site\/wp-json\/wp\/v2\/media?parent=540"}],"curies":[{"name":"wp","href":"https:\/\/api.w.org\/{rel}","templated":true}]}}