{"id":537,"date":"2020-10-19T19:04:57","date_gmt":"2020-10-19T19:04:57","guid":{"rendered":"https:\/\/www.rpcayambe.gob.ec\/site\/?page_id=537"},"modified":"2020-12-01T15:18:32","modified_gmt":"2020-12-01T15:18:32","slug":"rendicion-de-cuentas-2019-2","status":"publish","type":"page","link":"https:\/\/www.rpcayambe.gob.ec\/site\/rendicion-de-cuentas-2019-2\/","title":{"rendered":"Rendici\u00f3n de Cuentas 2019"},"content":{"rendered":"\t\t<div data-elementor-type=\"wp-page\" data-elementor-id=\"537\" class=\"elementor elementor-537\">\n\t\t\t\t\t\t<section class=\"elementor-section elementor-top-section elementor-element elementor-element-60779902 elementor-section-boxed elementor-section-height-default elementor-section-height-default\" data-id=\"60779902\" data-element_type=\"section\" data-e-type=\"section\">\n\t\t\t\t\t\t<div class=\"elementor-container elementor-column-gap-default\">\n\t\t\t\t\t<div class=\"elementor-column elementor-col-100 elementor-top-column elementor-element elementor-element-50c57979\" data-id=\"50c57979\" data-element_type=\"column\" data-e-type=\"column\">\n\t\t\t<div class=\"elementor-widget-wrap elementor-element-populated\">\n\t\t\t\t\t\t<div class=\"elementor-element elementor-element-7e2900f1 elementor-widget elementor-widget-text-editor\" data-id=\"7e2900f1\" data-element_type=\"widget\" data-e-type=\"widget\" data-widget_type=\"text-editor.default\">\n\t\t\t\t<div class=\"elementor-widget-container\">\n\t\t\t\t\t\t\t\t\t\n<div class=\"wp-block-image\"><figure class=\"aligncenter size-large\"><img fetchpriority=\"high\" decoding=\"async\" width=\"1024\" height=\"512\" src=\"https:\/\/www.rpcayambe.gob.ec\/site\/wp-content\/uploads\/2020\/10\/rendicion-de-cuentas-1-1024x512.png\" alt=\"\" class=\"wp-image-538\" srcset=\"https:\/\/www.rpcayambe.gob.ec\/site\/wp-content\/uploads\/2020\/10\/rendicion-de-cuentas-1-1024x512.png 1024w, https:\/\/www.rpcayambe.gob.ec\/site\/wp-content\/uploads\/2020\/10\/rendicion-de-cuentas-1-300x150.png 300w, https:\/\/www.rpcayambe.gob.ec\/site\/wp-content\/uploads\/2020\/10\/rendicion-de-cuentas-1-768x384.png 768w, https:\/\/www.rpcayambe.gob.ec\/site\/wp-content\/uploads\/2020\/10\/rendicion-de-cuentas-1.png 1200w\" sizes=\"(max-width: 1024px) 100vw, 1024px\" \/><\/figure><\/div>\n\n\n\n<p>De acuerdo al Instructivo del Consejo de Participaci\u00f3n Ciudadana y Control Social sobre la fase de deliberaci\u00f3n p\u00fablica para la Rendici\u00f3n de Cuentas, ponemos a disposici\u00f3n de la ciudadan\u00eda, el Informe preliminar de Rendici\u00f3n de Cuentas del 2019 del Registro de la Propiedad y Mercantil del Cant\u00f3n Cayambe (RPMCC) y del GADIP MC.<\/p>\n\n\n\n<p>Invitamos a toda la ciudadania a informarse sobre la gesti\u00f3n realizada en el a\u00f1o 2019.<\/p>\n\t\t\t\t\t\t\t\t<\/div>\n\t\t\t\t<\/div>\n\t\t\t\t\t<\/div>\n\t\t<\/div>\n\t\t\t\t\t<\/div>\n\t\t<\/section>\n\t\t\t\t<section class=\"elementor-section elementor-top-section elementor-element elementor-element-9b64029 elementor-section-boxed elementor-section-height-default elementor-section-height-default\" data-id=\"9b64029\" data-element_type=\"section\" data-e-type=\"section\">\n\t\t\t\t\t\t<div class=\"elementor-container elementor-column-gap-default\">\n\t\t\t\t\t<div class=\"elementor-column elementor-col-25 elementor-top-column elementor-element elementor-element-4ee8edd\" data-id=\"4ee8edd\" data-element_type=\"column\" data-e-type=\"column\">\n\t\t\t<div class=\"elementor-widget-wrap elementor-element-populated\">\n\t\t\t\t\t\t<div class=\"elementor-element elementor-element-c286755 elementor-widget elementor-widget-image\" data-id=\"c286755\" data-element_type=\"widget\" data-e-type=\"widget\" data-widget_type=\"image.default\">\n\t\t\t\t<div class=\"elementor-widget-container\">\n\t\t\t\t\t\t\t\t\t\t\t\t\t\t\t\t<a href=\"https:\/\/www.rpcayambe.gob.ec\/site\/wp-content\/uploads\/2020\/12\/modificado-una-hoja-mas.pdf\">\n\t\t\t\t\t\t\t<img decoding=\"async\" width=\"604\" height=\"189\" src=\"https:\/\/www.rpcayambe.gob.ec\/site\/wp-content\/uploads\/2020\/10\/Rendicion-de-cuentas1.png\" class=\"attachment-large size-large wp-image-655\" alt=\"\" srcset=\"https:\/\/www.rpcayambe.gob.ec\/site\/wp-content\/uploads\/2020\/10\/Rendicion-de-cuentas1.png 800w, https:\/\/www.rpcayambe.gob.ec\/site\/wp-content\/uploads\/2020\/10\/Rendicion-de-cuentas1-300x94.png 300w, https:\/\/www.rpcayambe.gob.ec\/site\/wp-content\/uploads\/2020\/10\/Rendicion-de-cuentas1-768x240.png 768w\" sizes=\"(max-width: 604px) 100vw, 604px\" \/>\t\t\t\t\t\t\t\t<\/a>\n\t\t\t\t\t\t\t\t\t\t\t\t\t\t\t<\/div>\n\t\t\t\t<\/div>\n\t\t\t\t\t<\/div>\n\t\t<\/div>\n\t\t\t\t<div class=\"elementor-column elementor-col-25 elementor-top-column elementor-element elementor-element-37dc9bc\" data-id=\"37dc9bc\" data-element_type=\"column\" data-e-type=\"column\">\n\t\t\t<div class=\"elementor-widget-wrap elementor-element-populated\">\n\t\t\t\t\t\t<div class=\"elementor-element elementor-element-0fa2cc6 elementor-widget elementor-widget-image\" data-id=\"0fa2cc6\" data-element_type=\"widget\" data-e-type=\"widget\" data-widget_type=\"image.default\">\n\t\t\t\t<div class=\"elementor-widget-container\">\n\t\t\t\t\t\t\t\t\t\t\t\t\t\t\t\t<a href=\"https:\/\/www.youtube.com\/watch?v=NNXayTpLPq4&#038;t=1s\">\n\t\t\t\t\t\t\t<img decoding=\"async\" width=\"604\" height=\"189\" src=\"https:\/\/www.rpcayambe.gob.ec\/site\/wp-content\/uploads\/2020\/10\/Boton-rendicion-de-cuentas.png\" class=\"attachment-large size-large wp-image-652\" alt=\"\" srcset=\"https:\/\/www.rpcayambe.gob.ec\/site\/wp-content\/uploads\/2020\/10\/Boton-rendicion-de-cuentas.png 800w, https:\/\/www.rpcayambe.gob.ec\/site\/wp-content\/uploads\/2020\/10\/Boton-rendicion-de-cuentas-300x94.png 300w, https:\/\/www.rpcayambe.gob.ec\/site\/wp-content\/uploads\/2020\/10\/Boton-rendicion-de-cuentas-768x240.png 768w\" sizes=\"(max-width: 604px) 100vw, 604px\" \/>\t\t\t\t\t\t\t\t<\/a>\n\t\t\t\t\t\t\t\t\t\t\t\t\t\t\t<\/div>\n\t\t\t\t<\/div>\n\t\t\t\t\t<\/div>\n\t\t<\/div>\n\t\t\t\t<div class=\"elementor-column elementor-col-25 elementor-top-column elementor-element elementor-element-854907f\" data-id=\"854907f\" data-element_type=\"column\" data-e-type=\"column\">\n\t\t\t<div class=\"elementor-widget-wrap elementor-element-populated\">\n\t\t\t\t\t\t<div class=\"elementor-element elementor-element-e0f63e5 elementor-widget elementor-widget-image\" data-id=\"e0f63e5\" data-element_type=\"widget\" data-e-type=\"widget\" data-widget_type=\"image.default\">\n\t\t\t\t<div class=\"elementor-widget-container\">\n\t\t\t\t\t\t\t\t\t\t\t\t\t\t\t\t<a href=\"https:\/\/municipiocayambe.gob.ec\/informe-preliminar-de-rendicion-de-cuentas-2019-2\/\">\n\t\t\t\t\t\t\t<img loading=\"lazy\" decoding=\"async\" width=\"604\" height=\"189\" src=\"https:\/\/www.rpcayambe.gob.ec\/site\/wp-content\/uploads\/2020\/10\/rendicion-de-cuentas2.png\" class=\"attachment-large size-large wp-image-654\" alt=\"\" srcset=\"https:\/\/www.rpcayambe.gob.ec\/site\/wp-content\/uploads\/2020\/10\/rendicion-de-cuentas2.png 800w, https:\/\/www.rpcayambe.gob.ec\/site\/wp-content\/uploads\/2020\/10\/rendicion-de-cuentas2-300x94.png 300w, https:\/\/www.rpcayambe.gob.ec\/site\/wp-content\/uploads\/2020\/10\/rendicion-de-cuentas2-768x240.png 768w\" sizes=\"(max-width: 604px) 100vw, 604px\" \/>\t\t\t\t\t\t\t\t<\/a>\n\t\t\t\t\t\t\t\t\t\t\t\t\t\t\t<\/div>\n\t\t\t\t<\/div>\n\t\t\t\t\t<\/div>\n\t\t<\/div>\n\t\t\t\t<div class=\"elementor-column elementor-col-25 elementor-top-column elementor-element elementor-element-0e89637\" data-id=\"0e89637\" data-element_type=\"column\" data-e-type=\"column\">\n\t\t\t<div class=\"elementor-widget-wrap elementor-element-populated\">\n\t\t\t\t\t\t<div class=\"elementor-element elementor-element-ef5e700 elementor-widget elementor-widget-image\" data-id=\"ef5e700\" data-element_type=\"widget\" data-e-type=\"widget\" data-widget_type=\"image.default\">\n\t\t\t\t<div class=\"elementor-widget-container\">\n\t\t\t\t\t\t\t\t\t\t\t\t\t\t\t\t<a href=\"https:\/\/www.youtube.com\/watch?v=fxkGWTooKJ8&#038;t=4s\">\n\t\t\t\t\t\t\t<img loading=\"lazy\" decoding=\"async\" width=\"604\" height=\"189\" src=\"https:\/\/www.rpcayambe.gob.ec\/site\/wp-content\/uploads\/2020\/10\/rendicio\u0301n-de-cuentas3.png\" class=\"attachment-large size-large wp-image-653\" alt=\"\" srcset=\"https:\/\/www.rpcayambe.gob.ec\/site\/wp-content\/uploads\/2020\/10\/rendicio\u0301n-de-cuentas3.png 800w, https:\/\/www.rpcayambe.gob.ec\/site\/wp-content\/uploads\/2020\/10\/rendicio\u0301n-de-cuentas3-300x94.png 300w, https:\/\/www.rpcayambe.gob.ec\/site\/wp-content\/uploads\/2020\/10\/rendicio\u0301n-de-cuentas3-768x240.png 768w\" sizes=\"(max-width: 604px) 100vw, 604px\" \/>\t\t\t\t\t\t\t\t<\/a>\n\t\t\t\t\t\t\t\t\t\t\t\t\t\t\t<\/div>\n\t\t\t\t<\/div>\n\t\t\t\t\t<\/div>\n\t\t<\/div>\n\t\t\t\t\t<\/div>\n\t\t<\/section>\n\t\t\t\t<section class=\"elementor-section elementor-top-section elementor-element elementor-element-b6027f0 elementor-section-boxed elementor-section-height-default elementor-section-height-default\" data-id=\"b6027f0\" data-element_type=\"section\" data-e-type=\"section\">\n\t\t\t\t\t\t<div class=\"elementor-container elementor-column-gap-default\">\n\t\t\t\t\t<div class=\"elementor-column elementor-col-25 elementor-top-column elementor-element elementor-element-91d3611\" data-id=\"91d3611\" data-element_type=\"column\" data-e-type=\"column\">\n\t\t\t<div class=\"elementor-widget-wrap\">\n\t\t\t\t\t\t\t<\/div>\n\t\t<\/div>\n\t\t\t\t<div class=\"elementor-column elementor-col-25 elementor-top-column elementor-element elementor-element-85795b4\" data-id=\"85795b4\" data-element_type=\"column\" data-e-type=\"column\">\n\t\t\t<div class=\"elementor-widget-wrap elementor-element-populated\">\n\t\t\t\t\t\t<div class=\"elementor-element elementor-element-77b4bef elementor-widget elementor-widget-image\" data-id=\"77b4bef\" data-element_type=\"widget\" data-e-type=\"widget\" data-widget_type=\"image.default\">\n\t\t\t\t<div class=\"elementor-widget-container\">\n\t\t\t\t\t\t\t\t\t\t\t\t\t\t\t\t<a href=\"https:\/\/municipiocayambe.gob.ec\/images\/ley_transparencia\/LOTAIP\/R_cuentas_2019\/RESPUESTAS_ASAMBLEA.pdf\">\n\t\t\t\t\t\t\t<img loading=\"lazy\" decoding=\"async\" width=\"604\" height=\"189\" src=\"https:\/\/www.rpcayambe.gob.ec\/site\/wp-content\/uploads\/2020\/10\/gadip-respuestas.png\" class=\"attachment-large size-large wp-image-650\" alt=\"\" srcset=\"https:\/\/www.rpcayambe.gob.ec\/site\/wp-content\/uploads\/2020\/10\/gadip-respuestas.png 800w, https:\/\/www.rpcayambe.gob.ec\/site\/wp-content\/uploads\/2020\/10\/gadip-respuestas-300x94.png 300w, https:\/\/www.rpcayambe.gob.ec\/site\/wp-content\/uploads\/2020\/10\/gadip-respuestas-768x240.png 768w\" sizes=\"(max-width: 604px) 100vw, 604px\" \/>\t\t\t\t\t\t\t\t<\/a>\n\t\t\t\t\t\t\t\t\t\t\t\t\t\t\t<\/div>\n\t\t\t\t<\/div>\n\t\t\t\t\t<\/div>\n\t\t<\/div>\n\t\t\t\t<div class=\"elementor-column elementor-col-25 elementor-top-column elementor-element elementor-element-63e236e\" data-id=\"63e236e\" data-element_type=\"column\" data-e-type=\"column\">\n\t\t\t<div class=\"elementor-widget-wrap elementor-element-populated\">\n\t\t\t\t\t\t<div class=\"elementor-element elementor-element-8f24de8 elementor-widget elementor-widget-image\" data-id=\"8f24de8\" data-element_type=\"widget\" data-e-type=\"widget\" data-widget_type=\"image.default\">\n\t\t\t\t<div class=\"elementor-widget-container\">\n\t\t\t\t\t\t\t\t\t\t\t\t\t\t\t\t<a href=\"https:\/\/www.rpcayambe.gob.ec\/site\/wp-content\/uploads\/2020\/12\/ACTA-DELIBERATIVA-Y-EVALUACIO\u0301N-DEL-INFORME-DE-RENDICIO\u0301N-DE-CUENTAS-DEL-REGISTRO-DE-LA-PROPIEDAD-Y-MERCANTIL-DEL-CANTO\u0301N-CAYAMBE.pdf\">\n\t\t\t\t\t\t\t<img loading=\"lazy\" decoding=\"async\" width=\"604\" height=\"189\" src=\"https:\/\/www.rpcayambe.gob.ec\/site\/wp-content\/uploads\/2020\/12\/acta-deliberativa.png\" class=\"attachment-large size-large wp-image-815\" alt=\"\" srcset=\"https:\/\/www.rpcayambe.gob.ec\/site\/wp-content\/uploads\/2020\/12\/acta-deliberativa.png 800w, https:\/\/www.rpcayambe.gob.ec\/site\/wp-content\/uploads\/2020\/12\/acta-deliberativa-300x94.png 300w, https:\/\/www.rpcayambe.gob.ec\/site\/wp-content\/uploads\/2020\/12\/acta-deliberativa-768x240.png 768w\" sizes=\"(max-width: 604px) 100vw, 604px\" \/>\t\t\t\t\t\t\t\t<\/a>\n\t\t\t\t\t\t\t\t\t\t\t\t\t\t\t<\/div>\n\t\t\t\t<\/div>\n\t\t\t\t\t<\/div>\n\t\t<\/div>\n\t\t\t\t<div class=\"elementor-column elementor-col-25 elementor-top-column elementor-element elementor-element-0e5f77d\" data-id=\"0e5f77d\" data-element_type=\"column\" data-e-type=\"column\">\n\t\t\t<div class=\"elementor-widget-wrap\">\n\t\t\t\t\t\t\t<\/div>\n\t\t<\/div>\n\t\t\t\t\t<\/div>\n\t\t<\/section>\n\t\t\t\t<section class=\"elementor-section elementor-top-section elementor-element elementor-element-5935318 elementor-section-boxed elementor-section-height-default elementor-section-height-default\" data-id=\"5935318\" data-element_type=\"section\" data-e-type=\"section\">\n\t\t\t\t\t\t<div class=\"elementor-container elementor-column-gap-default\">\n\t\t\t\t\t<div class=\"elementor-column elementor-col-100 elementor-top-column elementor-element elementor-element-ab61b30\" data-id=\"ab61b30\" data-element_type=\"column\" data-e-type=\"column\">\n\t\t\t<div class=\"elementor-widget-wrap elementor-element-populated\">\n\t\t\t\t\t\t<div class=\"elementor-element elementor-element-072af7e elementor-widget elementor-widget-text-editor\" data-id=\"072af7e\" data-element_type=\"widget\" data-e-type=\"widget\" data-widget_type=\"text-editor.default\">\n\t\t\t\t<div class=\"elementor-widget-container\">\n\t\t\t\t\t\t\t\t\t<p>Ponemos a su disposici\u00f3n este medio de opini\u00f3n, sugerencias y aporte ciudadano a los resultados presentados por la autoridad sobre la gesti\u00f3n institucional 2019.<\/p>\t\t\t\t\t\t\t\t<\/div>\n\t\t\t\t<\/div>\n\t\t\t\t\t<\/div>\n\t\t<\/div>\n\t\t\t\t\t<\/div>\n\t\t<\/section>\n\t\t\t\t<section class=\"elementor-section elementor-top-section elementor-element elementor-element-b9d99a2 elementor-section-boxed elementor-section-height-default elementor-section-height-default\" data-id=\"b9d99a2\" data-element_type=\"section\" data-e-type=\"section\">\n\t\t\t\t\t\t<div class=\"elementor-container elementor-column-gap-default\">\n\t\t\t\t\t<div class=\"elementor-column elementor-col-33 elementor-top-column elementor-element elementor-element-d7a0e0d\" data-id=\"d7a0e0d\" data-element_type=\"column\" data-e-type=\"column\">\n\t\t\t<div class=\"elementor-widget-wrap\">\n\t\t\t\t\t\t\t<\/div>\n\t\t<\/div>\n\t\t\t\t<div class=\"elementor-column elementor-col-33 elementor-top-column elementor-element elementor-element-d7de377\" data-id=\"d7de377\" data-element_type=\"column\" data-e-type=\"column\">\n\t\t\t<div class=\"elementor-widget-wrap elementor-element-populated\">\n\t\t\t\t\t\t<div class=\"elementor-element elementor-element-eb7c252 elementor-widget elementor-widget-image\" data-id=\"eb7c252\" data-element_type=\"widget\" data-e-type=\"widget\" data-widget_type=\"image.default\">\n\t\t\t\t<div class=\"elementor-widget-container\">\n\t\t\t\t\t\t\t\t\t\t\t\t\t\t\t\t<a href=\"https:\/\/www.rpcayambe.gob.ec\/site\/buzon-de-sugerencias\/\">\n\t\t\t\t\t\t\t<img loading=\"lazy\" decoding=\"async\" width=\"604\" height=\"189\" src=\"https:\/\/www.rpcayambe.gob.ec\/site\/wp-content\/uploads\/2020\/10\/buzon-de-sugerencias-1-768x240.png\" class=\"attachment-medium_large size-medium_large wp-image-660\" alt=\"\" srcset=\"https:\/\/www.rpcayambe.gob.ec\/site\/wp-content\/uploads\/2020\/10\/buzon-de-sugerencias-1-768x240.png 768w, https:\/\/www.rpcayambe.gob.ec\/site\/wp-content\/uploads\/2020\/10\/buzon-de-sugerencias-1-300x94.png 300w, https:\/\/www.rpcayambe.gob.ec\/site\/wp-content\/uploads\/2020\/10\/buzon-de-sugerencias-1.png 800w\" sizes=\"(max-width: 604px) 100vw, 604px\" \/>\t\t\t\t\t\t\t\t<\/a>\n\t\t\t\t\t\t\t\t\t\t\t\t\t\t\t<\/div>\n\t\t\t\t<\/div>\n\t\t\t\t\t<\/div>\n\t\t<\/div>\n\t\t\t\t<div class=\"elementor-column elementor-col-33 elementor-top-column elementor-element elementor-element-afd8135\" data-id=\"afd8135\" data-element_type=\"column\" data-e-type=\"column\">\n\t\t\t<div class=\"elementor-widget-wrap\">\n\t\t\t\t\t\t\t<\/div>\n\t\t<\/div>\n\t\t\t\t\t<\/div>\n\t\t<\/section>\n\t\t\t\t<\/div>\n\t\t","protected":false},"excerpt":{"rendered":"<p>De acuerdo al Instructivo del Consejo de Participaci\u00f3n Ciudadana y Control Social sobre la fase de deliberaci\u00f3n p\u00fablica para la Rendici\u00f3n de Cuentas, ponemos a disposici\u00f3n de la ciudadan\u00eda, el Informe preliminar<a class=\"moretag\" href=\"https:\/\/www.rpcayambe.gob.ec\/site\/rendicion-de-cuentas-2019-2\/\">Leer m\u00e1s&#8230;<\/a><\/p>\n","protected":false},"author":2,"featured_media":0,"parent":0,"menu_order":0,"comment_status":"closed","ping_status":"closed","template":"","meta":{"footnotes":""},"class_list":["post-537","page","type-page","status-publish","hentry"],"_links":{"self":[{"href":"https:\/\/www.rpcayambe.gob.ec\/site\/wp-json\/wp\/v2\/pages\/537","targetHints":{"allow":["GET"]}}],"collection":[{"href":"https:\/\/www.rpcayambe.gob.ec\/site\/wp-json\/wp\/v2\/pages"}],"about":[{"href":"https:\/\/www.rpcayambe.gob.ec\/site\/wp-json\/wp\/v2\/types\/page"}],"author":[{"embeddable":true,"href":"https:\/\/www.rpcayambe.gob.ec\/site\/wp-json\/wp\/v2\/users\/2"}],"replies":[{"embeddable":true,"href":"https:\/\/www.rpcayambe.gob.ec\/site\/wp-json\/wp\/v2\/comments?post=537"}],"version-history":[{"count":13,"href":"https:\/\/www.rpcayambe.gob.ec\/site\/wp-json\/wp\/v2\/pages\/537\/revisions"}],"predecessor-version":[{"id":818,"href":"https:\/\/www.rpcayambe.gob.ec\/site\/wp-json\/wp\/v2\/pages\/537\/revisions\/818"}],"wp:attachment":[{"href":"https:\/\/www.rpcayambe.gob.ec\/site\/wp-json\/wp\/v2\/media?parent=537"}],"curies":[{"name":"wp","href":"https:\/\/api.w.org\/{rel}","templated":true}]}}