{"id":52,"date":"2020-09-28T14:04:37","date_gmt":"2020-09-28T14:04:37","guid":{"rendered":"https:\/\/www.rpcayambe.gob.ec\/site\/?page_id=52"},"modified":"2023-12-05T12:32:06","modified_gmt":"2023-12-05T17:32:06","slug":"horarios-de-atencion","status":"publish","type":"page","link":"https:\/\/www.rpcayambe.gob.ec\/site\/horarios-de-atencion\/","title":{"rendered":"Horarios de Atenci\u00f3n"},"content":{"rendered":"\t\t<div data-elementor-type=\"wp-page\" data-elementor-id=\"52\" class=\"elementor elementor-52\">\n\t\t\t\t\t\t<section class=\"elementor-section elementor-top-section elementor-element elementor-element-ffafce6 elementor-section-boxed elementor-section-height-default elementor-section-height-default\" data-id=\"ffafce6\" data-element_type=\"section\" data-e-type=\"section\">\n\t\t\t\t\t\t<div class=\"elementor-container elementor-column-gap-default\">\n\t\t\t\t\t<div class=\"elementor-column elementor-col-100 elementor-top-column elementor-element elementor-element-731d72c\" data-id=\"731d72c\" data-element_type=\"column\" data-e-type=\"column\">\n\t\t\t<div class=\"elementor-widget-wrap elementor-element-populated\">\n\t\t\t\t\t\t<div class=\"elementor-element elementor-element-3029614 elementor-widget elementor-widget-depicter_slider\" data-id=\"3029614\" data-element_type=\"widget\" data-e-type=\"widget\" data-widget_type=\"depicter_slider.default\">\n\t\t\t\t<div class=\"elementor-widget-container\">\n\t\t\t\t\t<style id=\"depicter-25-inline-pre-css\">\n\n.depicter-revert.depicter-25{\n\tbackground-color:#FFFFFF;\n}\n.depicter-25:not(.depicter-ready){\n\theight:700px;\n}\n\n\/***** Tablet *****\/\n@media screen and (max-width: 1024px){\n\n.depicter-25:not(.depicter-ready){\n\theight:700px;\n}\n\n}\n\/***** Mobile *****\/\n@media screen and (max-width: 767px){\n\n.depicter-25:not(.depicter-ready){\n\theight:740px;\n}\n\n}\n<\/style>\n<div id=\"depicter-25\" class=\"depicter depicter-document depicter-revert depicter-25 depicter-layout-fullwidth\">\n\n<div class=\"depicter-loading-container depicter-loading dotFlashing-dark\"><div class=\"depicter-loading-dark depicter-dot-flashing\">\n   <span><\/span>\n   <span><\/span>\n   <span><\/span>\n<\/div>\n<\/div>\n<div id=\"depicter-25-section-12\" class=\"depicter-section depicter-25-section-12\" data-name=\"Slide 2\" data-type=\"section\" data-local-id=\"section-12\">\n<div data-animation-in=\"{'direction':'bottom','easing':'easeOutCirc','duration':2000,'movement':{'value':100,'unit':'%'},'type':'move'}\" data-between-in-out=\"false\" id=\"depicter-25-element-14\" class=\"depicter-element depicter-layer depicter-25-element-14\" data-type=\"shape\" data-wrap=\"true\" data-name=\"Shape 3\" data-local-id=\"element-14\" data-offset=\"x:973px;y:228px;origin:tl\" data-mobile-offset=\"x:192px;y:498px;origin:tl\" data-width=\"327px,,168px\" data-height=\"472px,,242px\" data-responsive-scale=\"true,,\"><\/div>\n\n<h2 data-animation-in=\"{'type':'move','params':{'direction':'left','easing':'easeOutQuart','duration':2500,'movement':0,'rotate':0,'delay':150,'rotate3d':{'x':0,'y':90},'transformOrigin':{'x':'center','y':'center','z':0},'skew':{'x':0}},'easing':'easeOutExpo','rotate3d':{'x':30},'movement':{'value':150,'unit':'px'},'duration':2300,'transformOrigin':{'x':'left','y':'top','z':0},'direction':'bottom','scale':1}\" data-between-in-out=\"false\" id=\"depicter-25-element-16\" class=\"depicter-element depicter-layer depicter-25-element-16\" data-type=\"text\" data-wrap=\"true\" data-name=\"Text 4\" data-local-id=\"element-16\" data-offset=\"x:38px;y:240px;origin:tl\" data-mobile-offset=\"x:45px;y:167px;origin:tl\" data-width=\"338.965px,,270px\" data-height=\"auto,,auto\" data-responsive-scale=\"true,,\">Horarios de Atenci\u00f3n<\/h2>\n\n<p data-animation-in=\"{'type':'move','params':{'direction':'left','easing':'easeOutQuart','duration':2500,'movement':0,'rotate':0,'delay':150,'rotate3d':{'x':0,'y':90},'transformOrigin':{'x':'center','y':'center','z':0},'skew':{'x':0}},'easing':'easeOutExpo','rotate3d':{'x':40},'movement':{'value':70,'unit':'px'},'duration':2300,'transformOrigin':{'x':'center','y':'top','z':0},'direction':'bottom','delay':300}\" data-between-in-out=\"false\" id=\"depicter-25-element-18\" class=\"depicter-element depicter-layer depicter-25-element-18\" data-type=\"text\" data-wrap=\"true\" data-name=\"Text 6\" data-local-id=\"element-18\" data-offset=\"x:38px;y:395px;origin:tl\" data-mobile-offset=\"x:44px;y:263px;origin:tl\" data-width=\"325.977px,,295px\" data-height=\"auto,,auto\" data-responsive-scale=\"true,,\">Realice sus tr\u00e1mites a tiempo, considere nuestros horarios de atenci\u00f3n en cada una de las ventanillas institucionales<\/p>\n\n<div data-animation-in=\"{'direction':'bottom','easing':'easeOutCirc','duration':2000,'movement':{'value':100,'unit':'%'},'type':'move'}\" data-between-in-out=\"false\" id=\"depicter-25-element-28\" class=\"depicter-element depicter-layer depicter-25-element-28\" data-type=\"shape\" data-wrap=\"true\" data-name=\"Shape 7\" data-local-id=\"element-28\" data-offset=\"x:963px;y:14px;origin:tl\" data-mobile-offset=\"x:192px;y:498px;origin:tl\" data-width=\"326px,,\" data-height=\"336px,,\" data-responsive-scale=\"true,,\"><\/div>\n\n<div data-animation-in=\"{'direction':'bottom','easing':'easeOutCirc','duration':2000,'movement':{'value':100,'unit':'%'},'type':'move'}\" data-between-in-out=\"false\" id=\"depicter-25-element-29\" class=\"depicter-element depicter-layer depicter-25-element-29\" data-type=\"shape\" data-wrap=\"true\" data-name=\"Shape 8\" data-local-id=\"element-29\" data-offset=\"x:1050px;y:81px;origin:tl\" data-mobile-offset=\"x:192px;y:498px;origin:tl\" data-width=\"200.996px,,\" data-height=\"293.984px,,\" data-responsive-scale=\"true,,\"><\/div>\n\n<picture data-animation-in=\"{'direction':'bottom','easing':'easeOutQuart','duration':2500,'movement':35,'type':'move'}\" data-between-in-out=\"false\" id=\"depicter-25-element-30\" class=\"depicter-element depicter-layer depicter-25-element-30\" data-type=\"image\" data-wrap=\"true\" data-name=\"Image 4\" data-local-id=\"element-30\" data-offset=\"x:132px;y:504px;origin:tl\" data-width=\"150.977px,,\" data-height=\"147.969px,,\" data-responsive-scale=\"true,,\" data-crop=\"false\">\n<source data-depicter-srcset=\"https:\/\/www.rpcayambe.gob.ec\/site\/wp-content\/uploads\/2023\/09\/GAD-LOGO-151x148.png, https:\/\/www.rpcayambe.gob.ec\/site\/wp-content\/uploads\/2023\/09\/GAD-LOGO-302x296.png 2x\" srcset=\"data:image\/gif;base64,R0lGODlhAQABAIAAAAAAAP\/\/\/yH5BAEAAAAALAAAAAABAAEAAAIBRAA7\" \/>\n<img decoding=\"async\" src=\"data:image\/gif;base64,R0lGODlhAQABAIAAAAAAAP\/\/\/yH5BAEAAAAALAAAAAABAAEAAAIBRAA7\" data-depicter-src=\"https:\/\/www.rpcayambe.gob.ec\/site\/wp-content\/uploads\/2023\/09\/GAD-LOGO-151x148.png\" alt=\"\" \/>\n<\/picture>\n<picture data-animation-in=\"{'direction':'top','easing':'easeOutQuart','duration':2500,'movement':35,'type':'move'}\" data-between-in-out=\"false\" id=\"depicter-25-element-31\" class=\"depicter-element depicter-layer depicter-25-element-31\" data-type=\"image\" data-wrap=\"true\" data-name=\"Image 5\" data-local-id=\"element-31\" data-offset=\"x:23px;y:41px;origin:tl\" data-width=\"354px,,\" data-height=\"166px,,\" data-responsive-scale=\"true,,\" data-crop=\"false\">\n<source data-depicter-srcset=\"https:\/\/www.rpcayambe.gob.ec\/site\/wp-content\/uploads\/2023\/09\/Logo-horizontal_Mesa-de-trabajo-1-354x166.png, https:\/\/www.rpcayambe.gob.ec\/site\/wp-content\/uploads\/2023\/09\/Logo-horizontal_Mesa-de-trabajo-1-708x332.png 2x\" srcset=\"data:image\/gif;base64,R0lGODlhAQABAIAAAAAAAP\/\/\/yH5BAEAAAAALAAAAAABAAEAAAIBRAA7\" \/>\n<img decoding=\"async\" src=\"data:image\/gif;base64,R0lGODlhAQABAIAAAAAAAP\/\/\/yH5BAEAAAAALAAAAAABAAEAAAIBRAA7\" data-depicter-src=\"https:\/\/www.rpcayambe.gob.ec\/site\/wp-content\/uploads\/2023\/09\/Logo-horizontal_Mesa-de-trabajo-1-354x166.png\" alt=\"\" \/>\n<\/picture>\n<div data-type=\"embedVideo\" data-autoplay=\"true\" data-auto-pause=\"false\" data-player-type=\"youtube\" data-loop=\"false\" data-controls=\"1\" data-video-src=\"https:\/\/youtu.be\/rkJqvGXzrWA\" data-video-poster=\"http:\/\/img.youtube.com\/vi\/rkJqvGXzrWA\/maxresdefault.jpg\" data-animation-in=\"{'direction':'left','easing':'easeOutQuart','duration':2200,'movement':0,'scale':1.149999999999999911182158029987476766109466552734375,'delay':250,'type':'move'}\" data-between-in-out=\"false\" id=\"depicter-25-element-32\" class=\"depicter-element depicter-layer depicter-25-element-32\" data-wrap=\"true\" data-name=\"Embed Video 1\" data-local-id=\"element-32\" data-offset=\"x:404px;y:124px;origin:tl\" data-width=\"815.977px,,\" data-height=\"530.977px,,\" data-responsive-scale=\"true,,\"><\/div><\/div>\n<\/div>\n<script>\n(window.depicterSetups = window.depicterSetups || []).push(function(){\n\tDepicter.basePath = 'https:\/\/www.rpcayambe.gob.ec\/site\/wp-content\/plugins\/depicter\/resources\/scripts\/player\/';\n\tconst dpPlayer = Depicter.setup('.depicter-25',\n\t\t{\"width\":[\"1300\",\"1300\",\"360\"],\"height\":[\"700\",\"700\",\"740\"],\"view\":\"basic\",\"keepAspectRatio\":true,\"preload\":0,\"layout\":\"fullwidth\",\"rtl\":false,\"initAfterAppear\":false,\"ajaxApiUrl\":\"https:\\\/\\\/www.rpcayambe.gob.ec\\\/site\\\/wp-admin\\\/admin-ajax.php\",\"viewOptions\":{\"loop\":true},\"mouseSwipe\":true,\"touchSwipe\":true,\"keyboard\":true,\"useWatermark\":false}\n\t);\n});\n<\/script>\t\t\t\t<\/div>\n\t\t\t\t<\/div>\n\t\t\t\t\t<\/div>\n\t\t<\/div>\n\t\t\t\t\t<\/div>\n\t\t<\/section>\n\t\t\t\t<\/div>\n\t\t","protected":false},"excerpt":{"rendered":"<p>Horarios de Atenci\u00f3n Realice sus tr\u00e1mites a tiempo, considere nuestros horarios de atenci\u00f3n en cada una de las ventanillas institucionales<\/p>\n","protected":false},"author":2,"featured_media":0,"parent":0,"menu_order":0,"comment_status":"closed","ping_status":"closed","template":"","meta":{"footnotes":""},"class_list":["post-52","page","type-page","status-publish","hentry"],"_links":{"self":[{"href":"https:\/\/www.rpcayambe.gob.ec\/site\/wp-json\/wp\/v2\/pages\/52","targetHints":{"allow":["GET"]}}],"collection":[{"href":"https:\/\/www.rpcayambe.gob.ec\/site\/wp-json\/wp\/v2\/pages"}],"about":[{"href":"https:\/\/www.rpcayambe.gob.ec\/site\/wp-json\/wp\/v2\/types\/page"}],"author":[{"embeddable":true,"href":"https:\/\/www.rpcayambe.gob.ec\/site\/wp-json\/wp\/v2\/users\/2"}],"replies":[{"embeddable":true,"href":"https:\/\/www.rpcayambe.gob.ec\/site\/wp-json\/wp\/v2\/comments?post=52"}],"version-history":[{"count":15,"href":"https:\/\/www.rpcayambe.gob.ec\/site\/wp-json\/wp\/v2\/pages\/52\/revisions"}],"predecessor-version":[{"id":2662,"href":"https:\/\/www.rpcayambe.gob.ec\/site\/wp-json\/wp\/v2\/pages\/52\/revisions\/2662"}],"wp:attachment":[{"href":"https:\/\/www.rpcayambe.gob.ec\/site\/wp-json\/wp\/v2\/media?parent=52"}],"curies":[{"name":"wp","href":"https:\/\/api.w.org\/{rel}","templated":true}]}}