{"id":51,"date":"2020-09-28T14:04:37","date_gmt":"2020-09-28T14:04:37","guid":{"rendered":"https:\/\/www.rpcayambe.gob.ec\/site\/?page_id=51"},"modified":"2024-12-06T12:32:07","modified_gmt":"2024-12-06T17:32:07","slug":"tabla-de-aranceles","status":"publish","type":"page","link":"https:\/\/www.rpcayambe.gob.ec\/site\/tabla-de-aranceles\/","title":{"rendered":"Tabla de Aranceles"},"content":{"rendered":"\t\t<div data-elementor-type=\"wp-page\" data-elementor-id=\"51\" class=\"elementor elementor-51\">\n\t\t\t\t\t\t<section class=\"elementor-section elementor-top-section elementor-element elementor-element-7d910127 elementor-section-boxed elementor-section-height-default elementor-section-height-default\" data-id=\"7d910127\" data-element_type=\"section\" data-e-type=\"section\">\n\t\t\t\t\t\t<div class=\"elementor-container elementor-column-gap-default\">\n\t\t\t\t\t<div class=\"elementor-column elementor-col-100 elementor-top-column elementor-element elementor-element-17853772\" data-id=\"17853772\" data-element_type=\"column\" data-e-type=\"column\">\n\t\t\t<div class=\"elementor-widget-wrap elementor-element-populated\">\n\t\t\t\t\t\t<div class=\"elementor-element elementor-element-5b053291 elementor-drop-cap-yes elementor-drop-cap-view-default elementor-widget elementor-widget-text-editor\" data-id=\"5b053291\" data-element_type=\"widget\" data-e-type=\"widget\" data-settings=\"{&quot;drop_cap&quot;:&quot;yes&quot;}\" data-widget_type=\"text-editor.default\">\n\t\t\t\t<div class=\"elementor-widget-container\">\n\t\t\t\t\t\t\t\t\t<p><\/p>\n<p>La presente ordenanza tiene por objeto regular, normar y mejorar el proceso asumido por parte del Gobierno Aut\u00f3nomo Descentralizado Intercultural y Plurinacional del Municipio de Cayambe, de la administraci\u00f3n del sistema p\u00fablico del Registro de la Propiedad y Mercantil del Cant\u00f3n Cayambe, de conformidad a las Leyes vigentes; y, de esta forma implementar la unificaci\u00f3n del Registro de la Propiedad y Mercantil del Cant\u00f3n Cayambe con el Catastro de la Municipalidad.<\/p>\n<p><\/p>\t\t\t\t\t\t\t\t<\/div>\n\t\t\t\t<\/div>\n\t\t\t\t\t<\/div>\n\t\t<\/div>\n\t\t\t\t\t<\/div>\n\t\t<\/section>\n\t\t\t\t<section class=\"elementor-section elementor-top-section elementor-element elementor-element-a6bc817 elementor-section-boxed elementor-section-height-default elementor-section-height-default\" data-id=\"a6bc817\" data-element_type=\"section\" data-e-type=\"section\">\n\t\t\t\t\t\t<div class=\"elementor-container elementor-column-gap-default\">\n\t\t\t\t\t<div class=\"elementor-column elementor-col-100 elementor-top-column elementor-element elementor-element-b126dc7\" data-id=\"b126dc7\" data-element_type=\"column\" data-e-type=\"column\">\n\t\t\t<div class=\"elementor-widget-wrap\">\n\t\t\t\t\t\t\t<\/div>\n\t\t<\/div>\n\t\t\t\t\t<\/div>\n\t\t<\/section>\n\t\t\t\t<section class=\"elementor-section elementor-top-section elementor-element elementor-element-bfb4ece elementor-section-boxed elementor-section-height-default elementor-section-height-default\" data-id=\"bfb4ece\" data-element_type=\"section\" data-e-type=\"section\">\n\t\t\t\t\t\t<div class=\"elementor-container elementor-column-gap-default\">\n\t\t\t\t\t<div class=\"elementor-column elementor-col-50 elementor-top-column elementor-element elementor-element-e81aede\" data-id=\"e81aede\" data-element_type=\"column\" data-e-type=\"column\">\n\t\t\t<div class=\"elementor-widget-wrap elementor-element-populated\">\n\t\t\t\t\t\t<div class=\"elementor-element elementor-element-d381823 elementor-align-center elementor-widget elementor-widget-button\" data-id=\"d381823\" data-element_type=\"widget\" data-e-type=\"widget\" data-widget_type=\"button.default\">\n\t\t\t\t<div class=\"elementor-widget-container\">\n\t\t\t\t\t\t\t\t\t<div class=\"elementor-button-wrapper\">\n\t\t\t\t\t<a class=\"elementor-button elementor-button-link elementor-size-sm\" href=\"https:\/\/rpcayambe.gob.ec\/site\/lotaip\/LOTAIP\/BIBLIOTECA%20ANEXOS\/ORDENANZAS%20MUNICIPALES\/ORDENANZA%20DE%20COBROS%20REGISTRO%20DE%20LA%20PROPIEDAD%202019.pdf\">\n\t\t\t\t\t\t<span class=\"elementor-button-content-wrapper\">\n\t\t\t\t\t\t\t\t\t<span class=\"elementor-button-text\">Descargar Ordenanza GADIPMC - Cobros RPMC (Vigente)<\/span>\n\t\t\t\t\t<\/span>\n\t\t\t\t\t<\/a>\n\t\t\t\t<\/div>\n\t\t\t\t\t\t\t\t<\/div>\n\t\t\t\t<\/div>\n\t\t\t\t\t<\/div>\n\t\t<\/div>\n\t\t\t\t<div class=\"elementor-column elementor-col-50 elementor-top-column elementor-element elementor-element-bee4d31\" data-id=\"bee4d31\" data-element_type=\"column\" data-e-type=\"column\">\n\t\t\t<div class=\"elementor-widget-wrap elementor-element-populated\">\n\t\t\t\t\t\t<div class=\"elementor-element elementor-element-b621f1f elementor-align-center elementor-widget elementor-widget-button\" data-id=\"b621f1f\" data-element_type=\"widget\" data-e-type=\"widget\" data-widget_type=\"button.default\">\n\t\t\t\t<div class=\"elementor-widget-container\">\n\t\t\t\t\t\t\t\t\t<div class=\"elementor-button-wrapper\">\n\t\t\t\t\t<a class=\"elementor-button elementor-button-link elementor-size-sm\" href=\"https:\/\/rpcayambe.gob.ec\/site\/lotaip\/LOTAIP\/BIBLIOTECA%20ANEXOS\/ORDENANZAS%20MUNICIPALES\/TABLA%20DE%20ARANCELES.pdf\">\n\t\t\t\t\t\t<span class=\"elementor-button-content-wrapper\">\n\t\t\t\t\t\t\t\t\t<span class=\"elementor-button-text\">Tabla de Aranceles (Vigente)<\/span>\n\t\t\t\t\t<\/span>\n\t\t\t\t\t<\/a>\n\t\t\t\t<\/div>\n\t\t\t\t\t\t\t\t<\/div>\n\t\t\t\t<\/div>\n\t\t\t\t\t<\/div>\n\t\t<\/div>\n\t\t\t\t\t<\/div>\n\t\t<\/section>\n\t\t\t\t<section class=\"elementor-section elementor-top-section elementor-element elementor-element-7aa547b elementor-section-boxed elementor-section-height-default elementor-section-height-default\" data-id=\"7aa547b\" data-element_type=\"section\" data-e-type=\"section\">\n\t\t\t\t\t\t<div class=\"elementor-container elementor-column-gap-default\">\n\t\t\t\t\t<div class=\"elementor-column elementor-col-100 elementor-top-column elementor-element elementor-element-491e60d\" data-id=\"491e60d\" data-element_type=\"column\" data-e-type=\"column\">\n\t\t\t<div class=\"elementor-widget-wrap\">\n\t\t\t\t\t\t\t<\/div>\n\t\t<\/div>\n\t\t\t\t\t<\/div>\n\t\t<\/section>\n\t\t\t\t<\/div>\n\t\t","protected":false},"excerpt":{"rendered":"<p>La presente ordenanza tiene por objeto regular, normar y mejorar el proceso asumido por parte del Gobierno Aut\u00f3nomo Descentralizado Intercultural y Plurinacional del Municipio de Cayambe, de la administraci\u00f3n del sistema p\u00fablico<a class=\"moretag\" href=\"https:\/\/www.rpcayambe.gob.ec\/site\/tabla-de-aranceles\/\">Leer m\u00e1s&#8230;<\/a><\/p>\n","protected":false},"author":2,"featured_media":0,"parent":0,"menu_order":0,"comment_status":"closed","ping_status":"closed","template":"","meta":{"footnotes":""},"class_list":["post-51","page","type-page","status-publish","hentry"],"_links":{"self":[{"href":"https:\/\/www.rpcayambe.gob.ec\/site\/wp-json\/wp\/v2\/pages\/51","targetHints":{"allow":["GET"]}}],"collection":[{"href":"https:\/\/www.rpcayambe.gob.ec\/site\/wp-json\/wp\/v2\/pages"}],"about":[{"href":"https:\/\/www.rpcayambe.gob.ec\/site\/wp-json\/wp\/v2\/types\/page"}],"author":[{"embeddable":true,"href":"https:\/\/www.rpcayambe.gob.ec\/site\/wp-json\/wp\/v2\/users\/2"}],"replies":[{"embeddable":true,"href":"https:\/\/www.rpcayambe.gob.ec\/site\/wp-json\/wp\/v2\/comments?post=51"}],"version-history":[{"count":33,"href":"https:\/\/www.rpcayambe.gob.ec\/site\/wp-json\/wp\/v2\/pages\/51\/revisions"}],"predecessor-version":[{"id":2923,"href":"https:\/\/www.rpcayambe.gob.ec\/site\/wp-json\/wp\/v2\/pages\/51\/revisions\/2923"}],"wp:attachment":[{"href":"https:\/\/www.rpcayambe.gob.ec\/site\/wp-json\/wp\/v2\/media?parent=51"}],"curies":[{"name":"wp","href":"https:\/\/api.w.org\/{rel}","templated":true}]}}