{"id":47,"date":"2020-09-28T14:04:37","date_gmt":"2020-09-28T14:04:37","guid":{"rendered":"https:\/\/www.rpcayambe.gob.ec\/site\/?page_id=47"},"modified":"2023-12-05T11:51:28","modified_gmt":"2023-12-05T16:51:28","slug":"mision","status":"publish","type":"page","link":"https:\/\/www.rpcayambe.gob.ec\/site\/mision\/","title":{"rendered":"Misi\u00f3n"},"content":{"rendered":"\t\t<div data-elementor-type=\"wp-page\" data-elementor-id=\"47\" class=\"elementor elementor-47\">\n\t\t\t\t\t\t\t\t\t<section class=\"elementor-section elementor-top-section elementor-element elementor-element-64df2f2 elementor-section-boxed elementor-section-height-default elementor-section-height-default\" data-id=\"64df2f2\" data-element_type=\"section\">\n\t\t\t\t\t\t<div class=\"elementor-container elementor-column-gap-default\">\n\t\t\t\t\t<div class=\"elementor-column elementor-col-33 elementor-top-column elementor-element elementor-element-6d01036\" data-id=\"6d01036\" data-element_type=\"column\">\n\t\t\t<div class=\"elementor-widget-wrap\">\n\t\t\t\t\t\t\t\t\t<\/div>\n\t\t<\/div>\n\t\t\t\t<div class=\"elementor-column elementor-col-33 elementor-top-column elementor-element elementor-element-7d69e10\" data-id=\"7d69e10\" data-element_type=\"column\">\n\t\t\t<div class=\"elementor-widget-wrap elementor-element-populated\">\n\t\t\t\t\t\t\t\t<div class=\"elementor-element elementor-element-0ff0c59 elementor-widget elementor-widget-depicter_slider\" data-id=\"0ff0c59\" data-element_type=\"widget\" data-widget_type=\"depicter_slider.default\">\n\t\t\t\t<div class=\"elementor-widget-container\">\n\t\t\t<style id=\"depicter-16-inline-pre-css\">\n\n.depicter-revert.depicter-16{\n\tbackground-color:#FFFFFF;\n}\n.depicter-16:not(.depicter-ready){\n\theight:700px;\n}\n\n\/***** Tablet *****\/\n@media screen and (max-width: 1024px){\n\n.depicter-16:not(.depicter-ready){\n\theight:700px;\n}\n\n}\n\/***** Mobile *****\/\n@media screen and (max-width: 767px){\n\n.depicter-16:not(.depicter-ready){\n\theight:740px;\n}\n\n}\n<\/style>\n<div id=\"depicter-16\" class=\"depicter depicter-document depicter-revert depicter-16 depicter-layout-fullwidth\">\n\n<div class=\"depicter-loading-container depicter-loading dotFlashing-dark\"><div class=\"depicter-loading-dark depicter-dot-flashing\">\n   <span><\/span>\n   <span><\/span>\n   <span><\/span>\n<\/div><\/div>\n<div id=\"depicter-16-section-12\" class=\"depicter-section depicter-16-section-12\" data-name=\"Slide 2\">\n<div data-animation-in=\"{'direction':'bottom','easing':'easeOutCirc','duration':2000,'movement':{'value':100,'unit':'%'},'type':'move'}\" id=\"depicter-16-element-14\" class=\"depicter-element depicter-layer depicter-16-element-14\" data-type=\"shape\" data-wrap=\"true\" data-name=\"Shape 3\" data-offset=\"x:973px;y:228px;origin:tl\" data-mobile-offset=\"x:192px;y:498px;origin:tl\" data-width=\"327px,,168px\" data-height=\"472px,,242px\" data-responsive-scale=\"true,,\"><\/div>\n\n<div data-animation-in=\"{'direction':'top','easing':'easeOutCirc','duration':2000,'movement':{'value':100,'unit':'%'},'delay':600,'type':'move'}\" id=\"depicter-16-element-15\" class=\"depicter-element depicter-layer depicter-16-element-15\" data-type=\"shape\" data-wrap=\"true\" data-name=\"Shape 4\" data-offset=\"x:1188px;y:0px;origin:tl\" data-mobile-offset=\"x:0px;y:0px;origin:tl\" data-width=\"111.973px,,89px\" data-height=\"113.965px,,91px\" data-responsive-scale=\"true,,\"><\/div>\n\n<h2 data-animation-in=\"{'type':'move','params':{'direction':'left','easing':'easeOutQuart','duration':2500,'movement':0,'rotate':0,'delay':150,'rotate3d':{'x':0,'y':90},'transformOrigin':{'x':'center','y':'center','z':0},'skew':{'x':0}},'easing':'easeOutExpo','rotate3d':{'x':30},'movement':{'value':150,'unit':'px'},'duration':2300,'transformOrigin':{'x':'left','y':'top','z':0},'direction':'bottom','scale':1}\" id=\"depicter-16-element-16\" class=\"depicter-element depicter-layer depicter-16-element-16\" data-type=\"text\" data-wrap=\"true\" data-name=\"Text 4\" data-offset=\"x:129px;y:209px;origin:tl\" data-mobile-offset=\"x:45px;y:167px;origin:tl\" data-width=\"485.977px,,270px\" data-height=\"auto,,auto\" data-responsive-scale=\"true,,\">Misi\u00f3n<\/h2>\n\n<p data-animation-in=\"{'type':'move','params':{'direction':'left','easing':'easeOutQuart','duration':2500,'movement':0,'rotate':0,'delay':150,'rotate3d':{'x':0,'y':90},'transformOrigin':{'x':'center','y':'center','z':0},'skew':{'x':0}},'easing':'easeOutExpo','rotate3d':{'x':40},'movement':{'value':70,'unit':'px'},'duration':2300,'transformOrigin':{'x':'center','y':'top','z':0},'direction':'bottom','delay':300}\" id=\"depicter-16-element-18\" class=\"depicter-element depicter-layer depicter-16-element-18\" data-type=\"text\" data-wrap=\"true\" data-name=\"Text 6\" data-offset=\"x:99px;y:294px;origin:tl\" data-mobile-offset=\"x:44px;y:263px;origin:tl\" data-width=\"546.973px,,295px\" data-height=\"auto,,auto\" data-responsive-scale=\"true,,\">Somos una instituci\u00f3n p\u00fablica, adscrita al GADIP del Cant\u00f3n Cayambe, con personer\u00eda jur\u00eddica y autonom\u00eda registral que brinda a la ciudadan\u00eda seguridad jur\u00eddica a trav\u00e9s del servicio registral en materia inmobiliaria de manera transparente, oportuna, segura y confiable, contribuyendo al desarrollo econ\u00f3mico del Cant\u00f3n Cayambe.<\/p>\n\n<picture data-animation-in=\"{'direction':'left','easing':'easeOutQuart','duration':2200,'movement':0,'scale':1.600000000000000088817841970012523233890533447265625,'delay':250,'type':'move'}\" id=\"depicter-16-element-29\" class=\"depicter-element depicter-layer depicter-16-element-29\" data-type=\"image\" data-wrap=\"true\" data-name=\"Image 4\" data-offset=\"x:33px;y:25px;origin:tl\" data-width=\"330.996px,,\" data-height=\"155.996px,,\" data-responsive-scale=\"true,,\" data-crop=\"false\">\n<source data-depicter-srcset=\"https:\/\/www.rpcayambe.gob.ec\/site\/wp-content\/uploads\/2023\/09\/Logo-horizontal_Mesa-de-trabajo-1-331x156.png, https:\/\/www.rpcayambe.gob.ec\/site\/wp-content\/uploads\/2023\/09\/Logo-horizontal_Mesa-de-trabajo-1-662x312.png 2x\" srcset=\"data:image\/gif;base64,R0lGODlhAQABAIAAAAAAAP\/\/\/yH5BAEAAAAALAAAAAABAAEAAAIBRAA7\" \/>\n<img decoding=\"async\" src=\"data:image\/gif;base64,R0lGODlhAQABAIAAAAAAAP\/\/\/yH5BAEAAAAALAAAAAABAAEAAAIBRAA7\" data-depicter-src=\"https:\/\/www.rpcayambe.gob.ec\/site\/wp-content\/uploads\/2023\/09\/Logo-horizontal_Mesa-de-trabajo-1-331x156.png\" alt=\"\" \/>\n<\/picture>\n<picture data-animation-in=\"{'direction':'left','easing':'easeInOutExpo','duration':2500,'movement':0,'type':'move'}\" id=\"depicter-16-element-33\" class=\"depicter-element depicter-layer depicter-16-element-33\" data-type=\"image\" data-wrap=\"true\" data-name=\"Image 8\" data-offset=\"x:27px;y:526px;origin:tl\" data-width=\"158.984px,,\" data-height=\"153.984px,,\" data-responsive-scale=\"true,,\" data-crop=\"false\">\n<source data-depicter-srcset=\"https:\/\/www.rpcayambe.gob.ec\/site\/wp-content\/uploads\/2023\/09\/GAD-LOGO-159x154.png, https:\/\/www.rpcayambe.gob.ec\/site\/wp-content\/uploads\/2023\/09\/GAD-LOGO-318x308.png 2x\" srcset=\"data:image\/gif;base64,R0lGODlhAQABAIAAAAAAAP\/\/\/yH5BAEAAAAALAAAAAABAAEAAAIBRAA7\" \/>\n<img decoding=\"async\" src=\"data:image\/gif;base64,R0lGODlhAQABAIAAAAAAAP\/\/\/yH5BAEAAAAALAAAAAABAAEAAAIBRAA7\" data-depicter-src=\"https:\/\/www.rpcayambe.gob.ec\/site\/wp-content\/uploads\/2023\/09\/GAD-LOGO-159x154.png\" alt=\"\" \/>\n<\/picture>\n<picture data-animation-in=\"{'direction':'bottom','easing':'easeOutQuart','duration':2500,'movement':35,'type':'move'}\" id=\"depicter-16-element-34\" class=\"depicter-element depicter-layer depicter-16-element-34\" data-type=\"image\" data-wrap=\"true\" data-name=\"Image 9\" data-offset=\"x:490px;y:637px;origin:tl\" data-width=\"470px,,\" data-height=\"42.9883px,,\" data-responsive-scale=\"true,,\" data-crop=\"false\">\n<source data-depicter-srcset=\"https:\/\/www.rpcayambe.gob.ec\/site\/wp-content\/uploads\/2023\/09\/Firma-pagina_Mesa-de-trabajo-1-470x43.png, https:\/\/www.rpcayambe.gob.ec\/site\/wp-content\/uploads\/2023\/09\/Firma-pagina_Mesa-de-trabajo-1-940x86.png 2x\" srcset=\"data:image\/gif;base64,R0lGODlhAQABAIAAAAAAAP\/\/\/yH5BAEAAAAALAAAAAABAAEAAAIBRAA7\" \/>\n<img decoding=\"async\" src=\"data:image\/gif;base64,R0lGODlhAQABAIAAAAAAAP\/\/\/yH5BAEAAAAALAAAAAABAAEAAAIBRAA7\" data-depicter-src=\"https:\/\/www.rpcayambe.gob.ec\/site\/wp-content\/uploads\/2023\/09\/Firma-pagina_Mesa-de-trabajo-1-470x43.png\" alt=\"\" \/>\n<\/picture>\n<div data-animation-in=\"{'direction':'bottom','easing':'easeOutCirc','duration':2000,'movement':{'value':100,'unit':'%'},'type':'move'}\" id=\"depicter-16-element-36\" class=\"depicter-element depicter-layer depicter-16-element-36\" data-type=\"shape\" data-wrap=\"true\" data-name=\"Shape 6\" data-offset=\"x:765px;y:25px;origin:tl\" data-mobile-offset=\"x:192px;y:498px;origin:tl\" data-width=\"377.988px,,\" data-height=\"190px,,\" data-responsive-scale=\"true,,\"><\/div>\n\n<div data-animation-in=\"{'direction':'bottom','easing':'easeOutCirc','duration':2000,'movement':{'value':100,'unit':'%'},'type':'move'}\" id=\"depicter-16-element-37\" class=\"depicter-element depicter-layer depicter-16-element-37\" data-type=\"shape\" data-wrap=\"true\" data-name=\"Shape 7\" data-offset=\"x:809px;y:55px;origin:tl\" data-mobile-offset=\"x:192px;y:498px;origin:tl\" data-width=\"463px,,\" data-height=\"471px,,\" data-responsive-scale=\"true,,\"><\/div>\n\n<picture data-animation-in=\"{'direction':'left','easing':'easeOutExpo','duration':2000,'movement':0,'scale':1.1999999999999999555910790149937383830547332763671875,'delay':0,'transformOrigin':{'x':'right','y':'bottom','z':0},'fade':false,'type':'move'}\" id=\"depicter-16-element-13\" class=\"depicter-element depicter-layer depicter-16-element-13\" data-type=\"image\" data-wrap=\"true\" data-name=\"Image 2\" data-offset=\"x:717px;y:91px;origin:tl\" data-mobile-offset=\"x:76px;y:450px;origin:tl\" data-width=\"512.969px,,249px\" data-height=\"533.965px,,259px\" data-responsive-scale=\"true,,\" data-crop=\"false\">\n<source data-depicter-srcset=\"https:\/\/www.rpcayambe.gob.ec\/site\/wp-content\/uploads\/2023\/11\/IMG_4233-249x167.png, https:\/\/www.rpcayambe.gob.ec\/site\/wp-content\/uploads\/2023\/11\/IMG_4233-498x334.png 2x\" srcset=\"data:image\/gif;base64,R0lGODlhAQABAIAAAAAAAP\/\/\/yH5BAEAAAAALAAAAAABAAEAAAIBRAA7\" media=\"(max-width: 767px)\" \/>\n\n<source data-depicter-srcset=\"https:\/\/www.rpcayambe.gob.ec\/site\/wp-content\/uploads\/2023\/11\/IMG_4233-513x342.png, https:\/\/www.rpcayambe.gob.ec\/site\/wp-content\/uploads\/2023\/11\/IMG_4233-1026x684.png 2x\" srcset=\"data:image\/gif;base64,R0lGODlhAQABAIAAAAAAAP\/\/\/yH5BAEAAAAALAAAAAABAAEAAAIBRAA7\" media=\"(max-width: 1024px)\" \/>\n\n<source data-depicter-srcset=\"https:\/\/www.rpcayambe.gob.ec\/site\/wp-content\/uploads\/2023\/11\/IMG_4233-513x534.png, https:\/\/www.rpcayambe.gob.ec\/site\/wp-content\/uploads\/2023\/11\/IMG_4233-1026x1068.png 2x\" srcset=\"data:image\/gif;base64,R0lGODlhAQABAIAAAAAAAP\/\/\/yH5BAEAAAAALAAAAAABAAEAAAIBRAA7\" media=\"(min-width: 1025px)\" \/>\n<img decoding=\"async\" src=\"data:image\/gif;base64,R0lGODlhAQABAIAAAAAAAP\/\/\/yH5BAEAAAAALAAAAAABAAEAAAIBRAA7\" data-depicter-src=\"https:\/\/www.rpcayambe.gob.ec\/site\/wp-content\/uploads\/2023\/11\/IMG_4233-513x534.png\" alt=\"\" \/>\n<\/picture><\/div>\n<\/div>\n<script>\n(window.depicterSetups = window.depicterSetups || []).push(function(){\n\tDepicter.basePath = 'https:\/\/www.rpcayambe.gob.ec\/site\/wp-content\/plugins\/depicter\/resources\/scripts\/player\/';\n\tconst dpPlayer = Depicter.setup('.depicter-16',\n\t\t{\"width\":[\"1300\",\"1300\",\"360\"],\"height\":[\"700\",\"700\",\"740\"],\"view\":\"basic\",\"keepAspectRatio\":true,\"preload\":0,\"layout\":\"fullwidth\",\"rtl\":false,\"initAfterAppear\":false,\"viewOptions\":{\"loop\":true},\"mouseSwipe\":true,\"touchSwipe\":true,\"keyboard\":true,\"useWatermark\":false}\n\t);\n});\n<\/script>\t\t<\/div>\n\t\t\t\t<\/div>\n\t\t\t\t\t<\/div>\n\t\t<\/div>\n\t\t\t\t<div class=\"elementor-column elementor-col-33 elementor-top-column elementor-element elementor-element-87985f1\" data-id=\"87985f1\" data-element_type=\"column\">\n\t\t\t<div class=\"elementor-widget-wrap\">\n\t\t\t\t\t\t\t\t\t<\/div>\n\t\t<\/div>\n\t\t\t\t\t\t\t<\/div>\n\t\t<\/section>\n\t\t\t\t\t\t\t<\/div>\n\t\t","protected":false},"excerpt":{"rendered":"<p>Misi\u00f3n Somos una instituci\u00f3n p\u00fablica, adscrita a la administraci\u00f3n municipal, con personer\u00eda jur\u00eddica y autonom\u00eda registral que brinda seguridad jur\u00eddica a trav\u00e9s del servicio registral en materia inmobiliaria de manera eficiente, segura<a class=\"moretag\" href=\"https:\/\/www.rpcayambe.gob.ec\/site\/mision\/\">Leer m\u00e1s&#8230;<\/a><\/p>\n","protected":false},"author":2,"featured_media":0,"parent":0,"menu_order":0,"comment_status":"closed","ping_status":"closed","template":"","meta":{"footnotes":""},"class_list":["post-47","page","type-page","status-publish","hentry"],"_links":{"self":[{"href":"https:\/\/www.rpcayambe.gob.ec\/site\/wp-json\/wp\/v2\/pages\/47","targetHints":{"allow":["GET"]}}],"collection":[{"href":"https:\/\/www.rpcayambe.gob.ec\/site\/wp-json\/wp\/v2\/pages"}],"about":[{"href":"https:\/\/www.rpcayambe.gob.ec\/site\/wp-json\/wp\/v2\/types\/page"}],"author":[{"embeddable":true,"href":"https:\/\/www.rpcayambe.gob.ec\/site\/wp-json\/wp\/v2\/users\/2"}],"replies":[{"embeddable":true,"href":"https:\/\/www.rpcayambe.gob.ec\/site\/wp-json\/wp\/v2\/comments?post=47"}],"version-history":[{"count":26,"href":"https:\/\/www.rpcayambe.gob.ec\/site\/wp-json\/wp\/v2\/pages\/47\/revisions"}],"predecessor-version":[{"id":2650,"href":"https:\/\/www.rpcayambe.gob.ec\/site\/wp-json\/wp\/v2\/pages\/47\/revisions\/2650"}],"wp:attachment":[{"href":"https:\/\/www.rpcayambe.gob.ec\/site\/wp-json\/wp\/v2\/media?parent=47"}],"curies":[{"name":"wp","href":"https:\/\/api.w.org\/{rel}","templated":true}]}}