{"id":46,"date":"2020-09-28T14:04:37","date_gmt":"2020-09-28T14:04:37","guid":{"rendered":"https:\/\/www.rpcayambe.gob.ec\/site\/?page_id=46"},"modified":"2025-04-22T12:37:24","modified_gmt":"2025-04-22T17:37:24","slug":"historia-rpmcc","status":"publish","type":"page","link":"https:\/\/www.rpcayambe.gob.ec\/site\/historia-rpmcc\/","title":{"rendered":"Historia RPMCC"},"content":{"rendered":"\t\t<div data-elementor-type=\"wp-page\" data-elementor-id=\"46\" class=\"elementor elementor-46\">\n\t\t\t\t\t\t\t\t\t<section class=\"elementor-section elementor-top-section elementor-element elementor-element-4290f148 elementor-section-boxed elementor-section-height-default elementor-section-height-default\" data-id=\"4290f148\" data-element_type=\"section\">\n\t\t\t\t\t\t<div class=\"elementor-container elementor-column-gap-default\">\n\t\t\t\t\t<div class=\"elementor-column elementor-col-100 elementor-top-column elementor-element elementor-element-7b4f0656\" data-id=\"7b4f0656\" data-element_type=\"column\">\n\t\t\t<div class=\"elementor-widget-wrap elementor-element-populated\">\n\t\t\t\t\t\t\t\t<div class=\"elementor-element elementor-element-5df0d42 elementor-widget elementor-widget-image\" data-id=\"5df0d42\" data-element_type=\"widget\" data-widget_type=\"image.default\">\n\t\t\t\t<div class=\"elementor-widget-container\">\n\t\t\t\t\t\t\t\t\t\t\t\t\t\t\t<img loading=\"lazy\" decoding=\"async\" width=\"1536\" height=\"864\" src=\"https:\/\/www.rpcayambe.gob.ec\/site\/wp-content\/uploads\/2025\/04\/historia_Mesa-de-trabajo-1-1536x864.jpg\" class=\"attachment-1536x1536 size-1536x1536 wp-image-2969\" alt=\"\" srcset=\"https:\/\/www.rpcayambe.gob.ec\/site\/wp-content\/uploads\/2025\/04\/historia_Mesa-de-trabajo-1-1536x864.jpg 1536w, https:\/\/www.rpcayambe.gob.ec\/site\/wp-content\/uploads\/2025\/04\/historia_Mesa-de-trabajo-1-300x169.jpg 300w, https:\/\/www.rpcayambe.gob.ec\/site\/wp-content\/uploads\/2025\/04\/historia_Mesa-de-trabajo-1-1024x576.jpg 1024w, https:\/\/www.rpcayambe.gob.ec\/site\/wp-content\/uploads\/2025\/04\/historia_Mesa-de-trabajo-1-768x432.jpg 768w, https:\/\/www.rpcayambe.gob.ec\/site\/wp-content\/uploads\/2025\/04\/historia_Mesa-de-trabajo-1-2048x1152.jpg 2048w, https:\/\/www.rpcayambe.gob.ec\/site\/wp-content\/uploads\/2025\/04\/historia_Mesa-de-trabajo-1-200x113.jpg 200w, https:\/\/www.rpcayambe.gob.ec\/site\/wp-content\/uploads\/2025\/04\/historia_Mesa-de-trabajo-1-1600x900.jpg 1600w\" sizes=\"auto, (max-width: 1536px) 100vw, 1536px\" \/>\t\t\t\t\t\t\t\t\t\t\t\t\t\t\t<\/div>\n\t\t\t\t<\/div>\n\t\t\t\t<div class=\"elementor-element elementor-element-ed74a2b elementor-drop-cap-yes elementor-widget__width-initial elementor-drop-cap-view-default elementor-widget elementor-widget-text-editor\" data-id=\"ed74a2b\" data-element_type=\"widget\" data-settings=\"{&quot;drop_cap&quot;:&quot;yes&quot;}\" data-widget_type=\"text-editor.default\">\n\t\t\t\t<div class=\"elementor-widget-container\">\n\t\t\t\t\t\t\t<p style=\"font-size: 17px; text-align: justify;\">Al a\u00f1o siguiente de la fundaci\u00f3n del cant\u00f3n Cayambe, se constituye la Secretar\u00eda del Registro de la Propiedad, el 04 de mayo de 1884. Seg\u00fan los archivos hist\u00f3ricos de la instituci\u00f3n, la Secretar\u00eda estuvo a cargo del primer anotador, el se\u00f1or Ulpiano Espinoza. La historia registral de Cayambe inici\u00f3 con la inscripci\u00f3n de un remate realizado por el Se\u00f1or Juez Civil sobre un predio en la parroquia de Cangahua que perteneci\u00f3 al ind\u00edgena Agust\u00edn Quishpe, a favor del se\u00f1or Juan Jos\u00e9 Fierro, con fecha 3 de junio de 1884.<\/p>\n<p style=\"font-size: 17px; text-align: justify;\">La instituci\u00f3n ha sido dirigida por 26 anotadores y registradores. Con el paso de las autoridades, se suma tambi\u00e9n las mejoras en la infraestructura, los avances tecnol\u00f3gicos y las historias de vida de los servidores p\u00fablicos en la instituci\u00f3n.<\/p>\n<p style=\"font-size: 17px; text-align: justify;\">Las inscripciones en el cant\u00f3n Cayambe, por ejemplo, se realizaban a mano alzada empleando tinta y pluma, en papel membretado, con sellos postales seg\u00fan se determinaba en el a\u00f1o de solicitud. Este procedimiento para registros se mantuvo hasta mediados de 1974, pues llegaron las primeras m\u00e1quinas de escribir a la instituci\u00f3n. Estos dispositivos mec\u00e1nicos acompa\u00f1aron al trabajo registral hasta 1990 cuando se implement\u00f3 el primer sistema inform\u00e1tico digital. Que facilit\u00f3 la actualizaci\u00f3n y el archivo de datos que permanecieron, hasta entonces, en los libros antiguos.<\/p>\n<p style=\"font-size: 17px; text-align: justify;\">En cuesti\u00f3n de infraestructura, las dependencias tambi\u00e9n se han visto modificadas. Entre los a\u00f1os 1935-1985 las instalaciones de la instituci\u00f3n se ubicaron en el primer piso de la antigua Casa Municipal de Cayambe, frente a la Biblioteca Municipal. Durante el a\u00f1o 1986, la instituci\u00f3n brind\u00f3 servicio en la propiedad del Sr. Honorio Villalba, ubicada en las calles Juan Montalvo y Libertad, frente al actual Distrito de Polic\u00eda Cayambe &#8211; Pedro Moncayo.<\/p>\n<p style=\"font-size: 17px; text-align: justify;\">Entre 1986 y 1989 el Registro funcion\u00f3 en el tercer del Edificio de los Guadalupanos, en las calles Sucre y Juan Montalvo (esquina). Luego las oficinas regresan a la Casa Municipal de Cayambe, esta vez, en las calles Bol\u00edvar y Ter\u00e1n (esquina). De 1990 a 1994 ocuparon las oficinas del segundo piso del Edificio Per\u00f3n, actual Banco del Pichincha. De 1994 al 2011, las oficinas del Registro funcionaron en el Edificio de la Sra. Lucila Guerrero de Mantilla, ubicado en las calles Libertad y Restauraci\u00f3n.<\/p>\n<p style=\"font-size: 17px; text-align: justify;\">En junio de 2012, el Registro de la Propiedad y Mercantil del Cant\u00f3n Cayambe (RPMCC) se constituye como una instituci\u00f3n adscrita al Gobierno Aut\u00f3nomo Descentralizado Intercultural y Plurinacional del Municipio de Cayambe (GADIP). Las instalaciones obtienen un local propio en el Centro Comercial Popular.<\/p>\n<p style=\"font-size: 17px; text-align: justify;\">Por motivos de remodelaci\u00f3n y actualizaci\u00f3n de la infraestructura, en el a\u00f1o 2019 las oficinas se trasladaron a las calles Alianza y Ter\u00e1n, donde permanecieron alrededor de un a\u00f1o, lugar donde incluso enfrentaron la hist\u00f3rica pandemia ocasionada por el virus del COVID \u2013 19. Desde noviembre de 2020, el RPMCC cuenta con instalaciones modernas, adecuadas para brindar servicios registrales de calidad a los usuarios, hablamos de las instalaciones actuales del segundo piso del Centro Comercial Popular.<\/p>\n<p style=\"font-size: 17px; text-align: justify;\">\n\nA partir del 01 de junio del 2023, el Dr. Alberto Masapanta, en su calidad de Alcalde del GADIP MC, otorga el nombramiento provisional al MSc. Andr\u00e9s Alexander Paspuel Villarreal (Mediante Acci\u00f3n de Personal: PMCC-GTH-2023-020-AP), como Registrador de la Propiedad y Mercantil del cant\u00f3n Cayambe. \nActualmente el Registro de la Propiedad y Mercantil del Cant\u00f3n Cayambe, con el liderazgo del MSc. Andr\u00e9s Alexander Paspuel Villarreal, reconoce y registra las sentencias de la Justicia ind\u00edgena lo cual ha permitido reconocer y respetar las decisiones emanadas de la justicia ind\u00edgena en materia Registral.\n\n\t\t\t\t\t\t<\/div>\n\t\t\t\t<\/div>\n\t\t\t\t\t<\/div>\n\t\t<\/div>\n\t\t\t\t\t\t\t<\/div>\n\t\t<\/section>\n\t\t\t\t\t\t\t<\/div>\n\t\t","protected":false},"excerpt":{"rendered":"<p>Al a\u00f1o siguiente de la fundaci\u00f3n del cant\u00f3n Cayambe, se constituye la Secretar\u00eda del Registro de la Propiedad, el 04 de mayo de 1884. Seg\u00fan los archivos hist\u00f3ricos de la instituci\u00f3n, la<a class=\"moretag\" href=\"https:\/\/www.rpcayambe.gob.ec\/site\/historia-rpmcc\/\">Leer m\u00e1s&#8230;<\/a><\/p>\n","protected":false},"author":2,"featured_media":0,"parent":0,"menu_order":0,"comment_status":"closed","ping_status":"closed","template":"","meta":{"footnotes":""},"class_list":["post-46","page","type-page","status-publish","hentry"],"_links":{"self":[{"href":"https:\/\/www.rpcayambe.gob.ec\/site\/wp-json\/wp\/v2\/pages\/46","targetHints":{"allow":["GET"]}}],"collection":[{"href":"https:\/\/www.rpcayambe.gob.ec\/site\/wp-json\/wp\/v2\/pages"}],"about":[{"href":"https:\/\/www.rpcayambe.gob.ec\/site\/wp-json\/wp\/v2\/types\/page"}],"author":[{"embeddable":true,"href":"https:\/\/www.rpcayambe.gob.ec\/site\/wp-json\/wp\/v2\/users\/2"}],"replies":[{"embeddable":true,"href":"https:\/\/www.rpcayambe.gob.ec\/site\/wp-json\/wp\/v2\/comments?post=46"}],"version-history":[{"count":60,"href":"https:\/\/www.rpcayambe.gob.ec\/site\/wp-json\/wp\/v2\/pages\/46\/revisions"}],"predecessor-version":[{"id":2981,"href":"https:\/\/www.rpcayambe.gob.ec\/site\/wp-json\/wp\/v2\/pages\/46\/revisions\/2981"}],"wp:attachment":[{"href":"https:\/\/www.rpcayambe.gob.ec\/site\/wp-json\/wp\/v2\/media?parent=46"}],"curies":[{"name":"wp","href":"https:\/\/api.w.org\/{rel}","templated":true}]}}