{"id":323,"date":"2020-10-15T14:18:53","date_gmt":"2020-10-15T14:18:53","guid":{"rendered":"https:\/\/www.rpcayambe.gob.ec\/site\/?page_id=323"},"modified":"2023-09-27T16:10:20","modified_gmt":"2023-09-27T21:10:20","slug":"societarios-companias","status":"publish","type":"page","link":"https:\/\/www.rpcayambe.gob.ec\/site\/societarios-companias\/","title":{"rendered":"Societarios &#038; Compa\u00f1\u00edas"},"content":{"rendered":"\t\t<div data-elementor-type=\"wp-page\" data-elementor-id=\"323\" class=\"elementor elementor-323\">\n\t\t\t\t\t\t<section class=\"elementor-section elementor-top-section elementor-element elementor-element-5b6a5478 elementor-section-boxed elementor-section-height-default elementor-section-height-default\" data-id=\"5b6a5478\" data-element_type=\"section\" data-e-type=\"section\">\n\t\t\t\t\t\t<div class=\"elementor-container elementor-column-gap-default\">\n\t\t\t\t\t<div class=\"elementor-column elementor-col-100 elementor-top-column elementor-element elementor-element-2277f5dc\" data-id=\"2277f5dc\" data-element_type=\"column\" data-e-type=\"column\">\n\t\t\t<div class=\"elementor-widget-wrap elementor-element-populated\">\n\t\t\t\t\t\t<div class=\"elementor-element elementor-element-bf72192 elementor-widget elementor-widget-image\" data-id=\"bf72192\" data-element_type=\"widget\" data-e-type=\"widget\" data-widget_type=\"image.default\">\n\t\t\t\t<div class=\"elementor-widget-container\">\n\t\t\t\t\t\t\t\t\t\t\t\t\t\t\t<img fetchpriority=\"high\" decoding=\"async\" width=\"1536\" height=\"762\" src=\"https:\/\/www.rpcayambe.gob.ec\/site\/wp-content\/uploads\/2023\/09\/m9_Mesa-de-trabajo-1-1536x762.jpg\" class=\"attachment-1536x1536 size-1536x1536 wp-image-2538\" alt=\"\" srcset=\"https:\/\/www.rpcayambe.gob.ec\/site\/wp-content\/uploads\/2023\/09\/m9_Mesa-de-trabajo-1-1536x762.jpg 1536w, https:\/\/www.rpcayambe.gob.ec\/site\/wp-content\/uploads\/2023\/09\/m9_Mesa-de-trabajo-1-300x149.jpg 300w, https:\/\/www.rpcayambe.gob.ec\/site\/wp-content\/uploads\/2023\/09\/m9_Mesa-de-trabajo-1-1024x508.jpg 1024w, https:\/\/www.rpcayambe.gob.ec\/site\/wp-content\/uploads\/2023\/09\/m9_Mesa-de-trabajo-1-768x381.jpg 768w, https:\/\/www.rpcayambe.gob.ec\/site\/wp-content\/uploads\/2023\/09\/m9_Mesa-de-trabajo-1-2048x1016.jpg 2048w, https:\/\/www.rpcayambe.gob.ec\/site\/wp-content\/uploads\/2023\/09\/m9_Mesa-de-trabajo-1-200x99.jpg 200w\" sizes=\"(max-width: 1536px) 100vw, 1536px\" \/>\t\t\t\t\t\t\t\t\t\t\t\t\t\t\t<\/div>\n\t\t\t\t<\/div>\n\t\t\t\t<div class=\"elementor-element elementor-element-141e7cb elementor-widget elementor-widget-text-editor\" data-id=\"141e7cb\" data-element_type=\"widget\" data-e-type=\"widget\" data-widget_type=\"text-editor.default\">\n\t\t\t\t<div class=\"elementor-widget-container\">\n\t\t\t\t\t\t\t\t\t\n<h2 class=\"wp-block-heading\"><strong>Requisitos para la inscripci\u00f3n de Actos y Contrato de car\u00e1cter Societario e Inscripci\u00f3n de Constituci\u00f3n de Compa\u00f1\u00edas:<\/strong><\/h2>\n\n\n\n<p><strong>1.- Presentar copia certificada de la escritura p\u00fablica (m\u00ednimo 3 ejemplares).<\/strong><\/p>\n\n\n\n<ul class=\"wp-block-list\"><li>Si no se presenta la primera copia certificada, solicitar un certificado de b\u00fasqueda.<\/li><li>En el contenido de la escritura de constituci\u00f3n deben constar todos los requisitos previstos en la Ley de Compa\u00f1\u00edas, C\u00f3digo de Comercio y dem\u00e1s normas vigentes.<\/li><li>Para la constituci\u00f3n de una compa\u00f1\u00eda Colectiva, Comandita Simple por Acciones o Unipersonal Limitada, se requiere de la aprobaci\u00f3n del Juez Civil debidamente notificada.<\/li><li>Para la constituci\u00f3n sucesiva de compa\u00f1\u00eda an\u00f3nima, se requerir\u00e1 de la Resoluci\u00f3n de Aprobaci\u00f3n emitida por la Superintendencia de Compa\u00f1\u00edas<\/li><li>Presentar conjuntamente con la escritura de constituci\u00f3n los nombramientos de los representantes legales.<\/li><\/ul>\n\n\n\n<p><strong>2.- Certificado de reserva del nombre, otorgado por la Superintendencia de Compa\u00f1\u00edas.<\/strong><\/p>\n\n\n\n<ul class=\"wp-block-list\"><li>Si se trata de una compa\u00f1\u00eda de transporte, la vigencia del certificado es de 1 a\u00f1o.<\/li><li>Si se trata de una compa\u00f1\u00eda ordinaria, la vigencia del certificado es de 45 d\u00edas.<\/li><\/ul>\n\n\n\n<p><strong>3.- Copias de c\u00e9dula y papeletas de votaci\u00f3n (Todos los comparecientes)<\/strong><\/p>\n\n\n\n<ul class=\"wp-block-list\"><li>Si se trata de una persona que comparece mediante un apoderado, adjuntar el poder y la vigencia del mismo (Vigencia del poder 1 a\u00f1o en el Ecuador y 5 a\u00f1os en el extranjero). De igual manera el poder debe contener la autorizaci\u00f3n expresa para el acto o contrato a celebrarse.<\/li><li>Si se trata de personas jur\u00eddicas, adjuntar el nombramiento del Representante Legal debidamente inscrito y actualizado y el Acta de la Junta General, mediante la cual se aprueba y autoriza el acto constitutivo.<\/li><li>Copia del RUC (Personas naturales extranjeras y jur\u00eddicas en general)<\/li><li>Si se trata de personas jur\u00eddicas, adjuntar el nombramiento del Representante Legal debidamente inscrito y actualizado y el Acta de la Junta General, mediante la cual se aprueba y autoriza el acto constitutivo.<\/li><li>Copia del RUC (Personas naturales extranjeras y jur\u00eddicas en general)<\/li><li>En el caso de que los comparecientes hayan celebrado capitulaciones matrimoniales, adjuntar la escritura.<\/li><li>Si existe disoluci\u00f3n o liquidaci\u00f3n conyugal, adjuntar la partida de matrimonio con la respectiva marginaci\u00f3n.<\/li><li>Para solicitar la inscripci\u00f3n de un acto o contrato, es necesario que el solicitante se encuentre debidamente facultado. (Art. 138 Ley de Compa\u00f1\u00edas)<\/li><\/ul>\n\t\t\t\t\t\t\t\t<\/div>\n\t\t\t\t<\/div>\n\t\t\t\t\t<\/div>\n\t\t<\/div>\n\t\t\t\t\t<\/div>\n\t\t<\/section>\n\t\t\t\t<\/div>\n\t\t","protected":false},"excerpt":{"rendered":"<p>Requisitos para la inscripci\u00f3n de Actos y Contrato de car\u00e1cter Societario e Inscripci\u00f3n de Constituci\u00f3n de Compa\u00f1\u00edas: 1.- Presentar copia certificada de la escritura p\u00fablica (m\u00ednimo 3 ejemplares). Si no se presenta<a class=\"moretag\" href=\"https:\/\/www.rpcayambe.gob.ec\/site\/societarios-companias\/\">Leer m\u00e1s&#8230;<\/a><\/p>\n","protected":false},"author":2,"featured_media":0,"parent":0,"menu_order":0,"comment_status":"closed","ping_status":"closed","template":"","meta":{"footnotes":""},"class_list":["post-323","page","type-page","status-publish","hentry"],"_links":{"self":[{"href":"https:\/\/www.rpcayambe.gob.ec\/site\/wp-json\/wp\/v2\/pages\/323","targetHints":{"allow":["GET"]}}],"collection":[{"href":"https:\/\/www.rpcayambe.gob.ec\/site\/wp-json\/wp\/v2\/pages"}],"about":[{"href":"https:\/\/www.rpcayambe.gob.ec\/site\/wp-json\/wp\/v2\/types\/page"}],"author":[{"embeddable":true,"href":"https:\/\/www.rpcayambe.gob.ec\/site\/wp-json\/wp\/v2\/users\/2"}],"replies":[{"embeddable":true,"href":"https:\/\/www.rpcayambe.gob.ec\/site\/wp-json\/wp\/v2\/comments?post=323"}],"version-history":[{"count":6,"href":"https:\/\/www.rpcayambe.gob.ec\/site\/wp-json\/wp\/v2\/pages\/323\/revisions"}],"predecessor-version":[{"id":2570,"href":"https:\/\/www.rpcayambe.gob.ec\/site\/wp-json\/wp\/v2\/pages\/323\/revisions\/2570"}],"wp:attachment":[{"href":"https:\/\/www.rpcayambe.gob.ec\/site\/wp-json\/wp\/v2\/media?parent=323"}],"curies":[{"name":"wp","href":"https:\/\/api.w.org\/{rel}","templated":true}]}}