{"id":317,"date":"2020-10-15T14:16:45","date_gmt":"2020-10-15T14:16:45","guid":{"rendered":"https:\/\/www.rpcayambe.gob.ec\/site\/?page_id=317"},"modified":"2023-09-27T16:07:10","modified_gmt":"2023-09-27T21:07:10","slug":"inscripcion-de-nombramientos","status":"publish","type":"page","link":"https:\/\/www.rpcayambe.gob.ec\/site\/inscripcion-de-nombramientos\/","title":{"rendered":"Inscripci\u00f3n de Nombramientos"},"content":{"rendered":"\t\t<div data-elementor-type=\"wp-page\" data-elementor-id=\"317\" class=\"elementor elementor-317\">\n\t\t\t\t\t\t<section class=\"elementor-section elementor-top-section elementor-element elementor-element-34260749 elementor-section-boxed elementor-section-height-default elementor-section-height-default\" data-id=\"34260749\" data-element_type=\"section\" data-e-type=\"section\">\n\t\t\t\t\t\t<div class=\"elementor-container elementor-column-gap-default\">\n\t\t\t\t\t<div class=\"elementor-column elementor-col-100 elementor-top-column elementor-element elementor-element-69189afa\" data-id=\"69189afa\" data-element_type=\"column\" data-e-type=\"column\">\n\t\t\t<div class=\"elementor-widget-wrap elementor-element-populated\">\n\t\t\t\t\t\t<div class=\"elementor-element elementor-element-b6d4d54 elementor-widget elementor-widget-image\" data-id=\"b6d4d54\" data-element_type=\"widget\" data-e-type=\"widget\" data-widget_type=\"image.default\">\n\t\t\t\t<div class=\"elementor-widget-container\">\n\t\t\t\t\t\t\t\t\t\t\t\t\t\t\t<img fetchpriority=\"high\" decoding=\"async\" width=\"1536\" height=\"762\" src=\"https:\/\/www.rpcayambe.gob.ec\/site\/wp-content\/uploads\/2023\/09\/m4_Mesa-de-trabajo-1-1536x762.jpg\" class=\"attachment-1536x1536 size-1536x1536 wp-image-2531\" alt=\"\" srcset=\"https:\/\/www.rpcayambe.gob.ec\/site\/wp-content\/uploads\/2023\/09\/m4_Mesa-de-trabajo-1-1536x762.jpg 1536w, https:\/\/www.rpcayambe.gob.ec\/site\/wp-content\/uploads\/2023\/09\/m4_Mesa-de-trabajo-1-300x149.jpg 300w, https:\/\/www.rpcayambe.gob.ec\/site\/wp-content\/uploads\/2023\/09\/m4_Mesa-de-trabajo-1-1024x508.jpg 1024w, https:\/\/www.rpcayambe.gob.ec\/site\/wp-content\/uploads\/2023\/09\/m4_Mesa-de-trabajo-1-768x381.jpg 768w, https:\/\/www.rpcayambe.gob.ec\/site\/wp-content\/uploads\/2023\/09\/m4_Mesa-de-trabajo-1-2048x1016.jpg 2048w, https:\/\/www.rpcayambe.gob.ec\/site\/wp-content\/uploads\/2023\/09\/m4_Mesa-de-trabajo-1-200x99.jpg 200w\" sizes=\"(max-width: 1536px) 100vw, 1536px\" \/>\t\t\t\t\t\t\t\t\t\t\t\t\t\t\t<\/div>\n\t\t\t\t<\/div>\n\t\t\t\t<div class=\"elementor-element elementor-element-2893625c elementor-widget elementor-widget-text-editor\" data-id=\"2893625c\" data-element_type=\"widget\" data-e-type=\"widget\" data-widget_type=\"text-editor.default\">\n\t\t\t\t<div class=\"elementor-widget-container\">\n\t\t\t\t\t\t\t\t\t\n<p><strong>1.- Presentar original del nombramiento ( 3 ejemplares).<\/strong><\/p>\n\n\n\n<ul class=\"wp-block-list\"><li>Acta de la Junta General<\/li><li>El nombramiento debe contener la fecha del Acta de la Junta<\/li><\/ul>\n\n\n\n<ul class=\"wp-block-list\"><li>El cargo y las atribuciones conferidas de conformidad con los estatutos (representaci\u00f3n legal, subrogaci\u00f3n, etc.)<\/li><li>Fecha de la escritura de constituci\u00f3n y fecha de inscripci\u00f3n en el Registro Mercantil.<\/li><li>Lugar y fecha de aceptaci\u00f3n<\/li><li>Para la inscripci\u00f3n de un liquidador designado por la Superintendencia de Compa\u00f1\u00edas, \u00fanicamente se requerir\u00e1 el nombramiento con la aceptaci\u00f3n correspondiente.<\/li><\/ul>\n\n\n\n<p><strong>2.- Copia de la escritura de constituci\u00f3n y otros actos societarios relacionados con la Compa\u00f1\u00eda.<\/strong><br><strong>3.- Copias de c\u00e9dula y papeletas de votaci\u00f3n<\/strong><br><strong>4.- Copia del RUC de la compa\u00f1\u00eda.<\/strong><\/p>\n\t\t\t\t\t\t\t\t<\/div>\n\t\t\t\t<\/div>\n\t\t\t\t\t<\/div>\n\t\t<\/div>\n\t\t\t\t\t<\/div>\n\t\t<\/section>\n\t\t\t\t<\/div>\n\t\t","protected":false},"excerpt":{"rendered":"<p>1.- Presentar original del nombramiento ( 3 ejemplares). Acta de la Junta General El nombramiento debe contener la fecha del Acta de la Junta El cargo y las atribuciones conferidas de conformidad<a class=\"moretag\" href=\"https:\/\/www.rpcayambe.gob.ec\/site\/inscripcion-de-nombramientos\/\">Leer m\u00e1s&#8230;<\/a><\/p>\n","protected":false},"author":2,"featured_media":0,"parent":0,"menu_order":0,"comment_status":"closed","ping_status":"closed","template":"","meta":{"footnotes":""},"class_list":["post-317","page","type-page","status-publish","hentry"],"_links":{"self":[{"href":"https:\/\/www.rpcayambe.gob.ec\/site\/wp-json\/wp\/v2\/pages\/317","targetHints":{"allow":["GET"]}}],"collection":[{"href":"https:\/\/www.rpcayambe.gob.ec\/site\/wp-json\/wp\/v2\/pages"}],"about":[{"href":"https:\/\/www.rpcayambe.gob.ec\/site\/wp-json\/wp\/v2\/types\/page"}],"author":[{"embeddable":true,"href":"https:\/\/www.rpcayambe.gob.ec\/site\/wp-json\/wp\/v2\/users\/2"}],"replies":[{"embeddable":true,"href":"https:\/\/www.rpcayambe.gob.ec\/site\/wp-json\/wp\/v2\/comments?post=317"}],"version-history":[{"count":5,"href":"https:\/\/www.rpcayambe.gob.ec\/site\/wp-json\/wp\/v2\/pages\/317\/revisions"}],"predecessor-version":[{"id":2561,"href":"https:\/\/www.rpcayambe.gob.ec\/site\/wp-json\/wp\/v2\/pages\/317\/revisions\/2561"}],"wp:attachment":[{"href":"https:\/\/www.rpcayambe.gob.ec\/site\/wp-json\/wp\/v2\/media?parent=317"}],"curies":[{"name":"wp","href":"https:\/\/api.w.org\/{rel}","templated":true}]}}