{"id":3001,"date":"2025-05-08T16:18:59","date_gmt":"2025-05-08T21:18:59","guid":{"rendered":"https:\/\/www.rpcayambe.gob.ec\/site\/?page_id=3001"},"modified":"2025-05-08T16:48:17","modified_gmt":"2025-05-08T21:48:17","slug":"cotizador-de-tramites","status":"publish","type":"page","link":"https:\/\/www.rpcayambe.gob.ec\/site\/servicios\/cotizador-de-tramites\/","title":{"rendered":"Cotizar valor de tr\u00e1mite"},"content":{"rendered":"\t\t<div data-elementor-type=\"wp-page\" data-elementor-id=\"3001\" class=\"elementor elementor-3001\">\n\t\t\t\t\t\t\t\t\t<section class=\"elementor-section elementor-top-section elementor-element elementor-element-d2d1716 elementor-section-boxed elementor-section-height-default elementor-section-height-default\" data-id=\"d2d1716\" data-element_type=\"section\">\n\t\t\t\t\t\t<div class=\"elementor-container elementor-column-gap-default\">\n\t\t\t\t\t<div class=\"elementor-column elementor-col-100 elementor-top-column elementor-element elementor-element-521471f\" data-id=\"521471f\" data-element_type=\"column\">\n\t\t\t<div class=\"elementor-widget-wrap elementor-element-populated\">\n\t\t\t\t\t\t\t\t<div class=\"elementor-element elementor-element-3a369b7 elementor-widget elementor-widget-accordion\" data-id=\"3a369b7\" data-element_type=\"widget\" data-widget_type=\"accordion.default\">\n\t\t\t\t<div class=\"elementor-widget-container\">\n\t\t\t\t\t<div class=\"elementor-accordion\">\n\t\t\t\t\t\t\t<div class=\"elementor-accordion-item\">\n\t\t\t\t\t<div id=\"elementor-tab-title-6101\" class=\"elementor-tab-title\" data-tab=\"1\" role=\"button\" aria-controls=\"elementor-tab-content-6101\" aria-expanded=\"false\">\n\t\t\t\t\t\t\t\t\t\t\t\t\t<span class=\"elementor-accordion-icon elementor-accordion-icon-left\" aria-hidden=\"true\">\n\t\t\t\t\t\t\t\t\t\t\t\t\t\t\t<span class=\"elementor-accordion-icon-closed\"><i class=\"fas fa-chevron-down\"><\/i><\/span>\n\t\t\t\t\t\t\t\t<span class=\"elementor-accordion-icon-opened\"><i class=\"fas fa-minus\"><\/i><\/span>\n\t\t\t\t\t\t\t\t\t\t\t\t\t\t<\/span>\n\t\t\t\t\t\t\t\t\t\t\t\t<a class=\"elementor-accordion-title\" tabindex=\"0\">Importante<\/a>\n\t\t\t\t\t<\/div>\n\t\t\t\t\t<div id=\"elementor-tab-content-6101\" class=\"elementor-tab-content elementor-clearfix\" data-tab=\"1\" role=\"region\" aria-labelledby=\"elementor-tab-title-6101\"><p align=\"justify\">El valor que muestra el Simulador de Pagos del RPMC es <span style=\"text-decoration: underline;\"><strong>netamente referencial<\/strong><\/span>. Para los tr\u00e1mites de Inscripci\u00f3n el valor final deber\u00e1 ser determinado por un Revisor Legal tras la verificaci\u00f3n de requisitos y para los tr\u00e1mites de Certificaci\u00f3n depende de la cantidad de derechos que desea solicitar.<\/p><\/div>\n\t\t\t\t<\/div>\n\t\t\t\t\t\t\t<div class=\"elementor-accordion-item\">\n\t\t\t\t\t<div id=\"elementor-tab-title-6102\" class=\"elementor-tab-title\" data-tab=\"2\" role=\"button\" aria-controls=\"elementor-tab-content-6102\" aria-expanded=\"false\">\n\t\t\t\t\t\t\t\t\t\t\t\t\t<span class=\"elementor-accordion-icon elementor-accordion-icon-left\" aria-hidden=\"true\">\n\t\t\t\t\t\t\t\t\t\t\t\t\t\t\t<span class=\"elementor-accordion-icon-closed\"><i class=\"fas fa-chevron-down\"><\/i><\/span>\n\t\t\t\t\t\t\t\t<span class=\"elementor-accordion-icon-opened\"><i class=\"fas fa-minus\"><\/i><\/span>\n\t\t\t\t\t\t\t\t\t\t\t\t\t\t<\/span>\n\t\t\t\t\t\t\t\t\t\t\t\t<a class=\"elementor-accordion-title\" tabindex=\"0\">\u00bfC\u00f3mo cotizar un tr\u00e1mite de Inscripci\u00f3n?<\/a>\n\t\t\t\t\t<\/div>\n\t\t\t\t\t<div id=\"elementor-tab-content-6102\" class=\"elementor-tab-content elementor-clearfix\" data-tab=\"2\" role=\"region\" aria-labelledby=\"elementor-tab-title-6102\"><p>Para cotizar el valor referencial de un tr\u00e1mite de Inscripci\u00f3n, siga los siguientes pasos:<\/p><ol><li>En el primer listado &#8220;Proceso&#8221; seleccione la opci\u00f3n &#8220;INSCRIPCI\u00d3N&#8221;.<\/li><li>En el segundo listado &#8220;Tipo&#8221; seleccione el tipo de Acto\/Contrato que desea consultar, que puede ser de PROPIEDAD o MERCANTIL.<\/li><li>En el tercer listado seleccione el Acto\/Contrato que desea consultar.<\/li><li>Cuando seleccione el Acto\/Contrato se desplegar\u00e1 un campo adicional denominado &#8220;A<label for=\"formGroup\">val\u00fao Catastral \/ Cuant\u00eda:<\/label>&#8220;, en el cual debe digitar el valor total de la cuant\u00eda del Acto\/Contrato contenido en la respectiva Escritura.<\/li><li>Presionar el bot\u00f3n &#8220;Consultar&#8221;.<\/li><\/ol><\/div>\n\t\t\t\t<\/div>\n\t\t\t\t\t\t\t<div class=\"elementor-accordion-item\">\n\t\t\t\t\t<div id=\"elementor-tab-title-6103\" class=\"elementor-tab-title\" data-tab=\"3\" role=\"button\" aria-controls=\"elementor-tab-content-6103\" aria-expanded=\"false\">\n\t\t\t\t\t\t\t\t\t\t\t\t\t<span class=\"elementor-accordion-icon elementor-accordion-icon-left\" aria-hidden=\"true\">\n\t\t\t\t\t\t\t\t\t\t\t\t\t\t\t<span class=\"elementor-accordion-icon-closed\"><i class=\"fas fa-chevron-down\"><\/i><\/span>\n\t\t\t\t\t\t\t\t<span class=\"elementor-accordion-icon-opened\"><i class=\"fas fa-minus\"><\/i><\/span>\n\t\t\t\t\t\t\t\t\t\t\t\t\t\t<\/span>\n\t\t\t\t\t\t\t\t\t\t\t\t<a class=\"elementor-accordion-title\" tabindex=\"0\">\u00bfC\u00f3mo cotizar un tr\u00e1mite de Certificaci\u00f3n?<\/a>\n\t\t\t\t\t<\/div>\n\t\t\t\t\t<div id=\"elementor-tab-content-6103\" class=\"elementor-tab-content elementor-clearfix\" data-tab=\"3\" role=\"region\" aria-labelledby=\"elementor-tab-title-6103\"><p>Para cotizar el valor referencial de un tr\u00e1mite de Certificaci\u00f3n, siga los siguientes pasos:<\/p><ol><li>En el primer listado &#8220;Proceso&#8221; seleccione la opci\u00f3n &#8220;CERTIFICACI\u00d3N&#8221;.<\/li><li>En el segundo listado &#8220;Tipo&#8221; seleccione el tipo de Certificado que desea consultar, que puede ser de PROPIEDAD o MERCANTIL.<\/li><li>En el tercer listado seleccione el Certificado que desea consultar.<\/li><li>Presionar el bot\u00f3n &#8220;Consultar&#8221;.<\/li><\/ol><\/div>\n\t\t\t\t<\/div>\n\t\t\t\t\t\t\t\t<\/div>\n\t\t\t\t<\/div>\n\t\t\t\t<\/div>\n\t\t\t\t\t<\/div>\n\t\t<\/div>\n\t\t\t\t\t\t\t<\/div>\n\t\t<\/section>\n\t\t\t\t<section class=\"elementor-section elementor-top-section elementor-element elementor-element-27cdc49 elementor-section-boxed elementor-section-height-default elementor-section-height-default\" data-id=\"27cdc49\" data-element_type=\"section\">\n\t\t\t\t\t\t<div class=\"elementor-container elementor-column-gap-default\">\n\t\t\t\t\t<div class=\"elementor-column elementor-col-100 elementor-top-column elementor-element elementor-element-1528e50\" data-id=\"1528e50\" data-element_type=\"column\">\n\t\t\t<div class=\"elementor-widget-wrap elementor-element-populated\">\n\t\t\t\t\t\t\t\t<div class=\"elementor-element elementor-element-cc0b3d8 elementor-widget elementor-widget-html\" data-id=\"cc0b3d8\" data-element_type=\"widget\" data-widget_type=\"html.default\">\n\t\t\t\t<div class=\"elementor-widget-container\">\n\t\t\t<p>\r\n<iframe loading=\"lazy\" style=\"vertical-align: middle;\" src=\"https:\/\/seg.rpcayambe.gob.ec\/cotizador\/\" width=\"800px\" height=\"550px\" frameborder=\"0\" scrolling=\"auto\"><\/iframe><\/p>\t\t<\/div>\n\t\t\t\t<\/div>\n\t\t\t\t\t<\/div>\n\t\t<\/div>\n\t\t\t\t\t\t\t<\/div>\n\t\t<\/section>\n\t\t\t\t\t\t\t<\/div>\n\t\t","protected":false},"excerpt":{"rendered":"<p>Importante El valor que muestra el Simulador de Pagos del RPMC es netamente referencial. Para los tr\u00e1mites de Inscripci\u00f3n el valor final deber\u00e1 ser determinado por un Revisor Legal tras la verificaci\u00f3n<a class=\"moretag\" href=\"https:\/\/www.rpcayambe.gob.ec\/site\/servicios\/cotizador-de-tramites\/\">Leer m\u00e1s&#8230;<\/a><\/p>\n","protected":false},"author":1,"featured_media":0,"parent":30,"menu_order":0,"comment_status":"closed","ping_status":"closed","template":"","meta":{"footnotes":""},"class_list":["post-3001","page","type-page","status-publish","hentry"],"_links":{"self":[{"href":"https:\/\/www.rpcayambe.gob.ec\/site\/wp-json\/wp\/v2\/pages\/3001","targetHints":{"allow":["GET"]}}],"collection":[{"href":"https:\/\/www.rpcayambe.gob.ec\/site\/wp-json\/wp\/v2\/pages"}],"about":[{"href":"https:\/\/www.rpcayambe.gob.ec\/site\/wp-json\/wp\/v2\/types\/page"}],"author":[{"embeddable":true,"href":"https:\/\/www.rpcayambe.gob.ec\/site\/wp-json\/wp\/v2\/users\/1"}],"replies":[{"embeddable":true,"href":"https:\/\/www.rpcayambe.gob.ec\/site\/wp-json\/wp\/v2\/comments?post=3001"}],"version-history":[{"count":19,"href":"https:\/\/www.rpcayambe.gob.ec\/site\/wp-json\/wp\/v2\/pages\/3001\/revisions"}],"predecessor-version":[{"id":3022,"href":"https:\/\/www.rpcayambe.gob.ec\/site\/wp-json\/wp\/v2\/pages\/3001\/revisions\/3022"}],"up":[{"embeddable":true,"href":"https:\/\/www.rpcayambe.gob.ec\/site\/wp-json\/wp\/v2\/pages\/30"}],"wp:attachment":[{"href":"https:\/\/www.rpcayambe.gob.ec\/site\/wp-json\/wp\/v2\/media?parent=3001"}],"curies":[{"name":"wp","href":"https:\/\/api.w.org\/{rel}","templated":true}]}}