{"id":30,"date":"2020-09-28T13:49:10","date_gmt":"2020-09-28T13:49:10","guid":{"rendered":"https:\/\/www.rpcayambe.gob.ec\/site\/?page_id=30"},"modified":"2021-03-11T11:48:59","modified_gmt":"2021-03-11T16:48:59","slug":"servicios","status":"publish","type":"page","link":"https:\/\/www.rpcayambe.gob.ec\/site\/servicios\/","title":{"rendered":"Servicios"},"content":{"rendered":"\n<ul class=\"wp-block-list\"><li><a href=\"https:\/\/www.rpcayambe.gob.ec\/site\/solicitud-de-tramites-en-linea\/\" data-type=\"URL\" data-id=\"https:\/\/www.rpcayambe.gob.ec\/site\/solicitud-de-tramites-en-linea\/\">Solicitud de Tr\u00e1mites en L\u00ednea<\/a><\/li><li><a href=\"https:\/\/www.rpcayambe.gob.ec\/site\/seguimiento-de-tramites\/\" data-type=\"URL\" data-id=\"https:\/\/www.rpcayambe.gob.ec\/site\/seguimiento-de-tramites\/\">Seguimiento de Tr\u00e1mites<\/a><\/li><li><a href=\"https:\/\/www.rpcayambe.gob.ec\/site\/tutoriales\/\" data-type=\"URL\" data-id=\"https:\/\/www.rpcayambe.gob.ec\/site\/tutoriales\/\">Tutoriales<\/a><\/li><li><a href=\"https:\/\/www.rpcayambe.gob.ec\/site\/facturacion-electronica\/\" data-type=\"URL\" data-id=\"https:\/\/www.rpcayambe.gob.ec\/site\/facturacion-electronica\/\">Facturaci\u00f3n Electr\u00f3nica<\/a><\/li><li><a href=\"https:\/\/www.rpcayambe.gob.ec\/site\/chat-de-soporte-en-linea\/\">Chat de Soporte en L\u00ednea<\/a><\/li><li><a href=\"https:\/\/rpcayambe.gob.ec:2096\/\" data-type=\"URL\" data-id=\"https:\/\/rpcayambe.gob.ec:2096\/\">Correo Institucional<\/a><\/li><li><a href=\"https:\/\/www.rpcayambe.gob.ec\/site\/formularios-institucionales\/\" data-type=\"URL\" data-id=\"https:\/\/www.rpcayambe.gob.ec\/site\/formularios-institucionales\/\">Formularios Institucionales<\/a><\/li><li><a href=\"https:\/\/www.rpcayambe.gob.ec\/site\/trabaja-con-nosotros\/\" data-type=\"URL\" data-id=\"https:\/\/www.rpcayambe.gob.ec\/site\/trabaja-con-nosotros\/\">Trabaja con Nosotros<\/a><\/li><\/ul>\n","protected":false},"excerpt":{"rendered":"<p>Solicitud de Tr\u00e1mites en L\u00ednea Seguimiento de Tr\u00e1mites Tutoriales Facturaci\u00f3n Electr\u00f3nica Chat de Soporte en L\u00ednea Correo Institucional Formularios Institucionales Trabaja con Nosotros<\/p>\n","protected":false},"author":2,"featured_media":0,"parent":0,"menu_order":0,"comment_status":"closed","ping_status":"closed","template":"","meta":{"footnotes":""},"class_list":["post-30","page","type-page","status-publish","hentry"],"_links":{"self":[{"href":"https:\/\/www.rpcayambe.gob.ec\/site\/wp-json\/wp\/v2\/pages\/30","targetHints":{"allow":["GET"]}}],"collection":[{"href":"https:\/\/www.rpcayambe.gob.ec\/site\/wp-json\/wp\/v2\/pages"}],"about":[{"href":"https:\/\/www.rpcayambe.gob.ec\/site\/wp-json\/wp\/v2\/types\/page"}],"author":[{"embeddable":true,"href":"https:\/\/www.rpcayambe.gob.ec\/site\/wp-json\/wp\/v2\/users\/2"}],"replies":[{"embeddable":true,"href":"https:\/\/www.rpcayambe.gob.ec\/site\/wp-json\/wp\/v2\/comments?post=30"}],"version-history":[{"count":2,"href":"https:\/\/www.rpcayambe.gob.ec\/site\/wp-json\/wp\/v2\/pages\/30\/revisions"}],"predecessor-version":[{"id":996,"href":"https:\/\/www.rpcayambe.gob.ec\/site\/wp-json\/wp\/v2\/pages\/30\/revisions\/996"}],"wp:attachment":[{"href":"https:\/\/www.rpcayambe.gob.ec\/site\/wp-json\/wp\/v2\/media?parent=30"}],"curies":[{"name":"wp","href":"https:\/\/api.w.org\/{rel}","templated":true}]}}