{"id":293,"date":"2020-10-14T21:40:20","date_gmt":"2020-10-14T21:40:20","guid":{"rendered":"https:\/\/www.rpcayambe.gob.ec\/site\/?page_id=293"},"modified":"2023-09-27T16:17:11","modified_gmt":"2023-09-27T21:17:11","slug":"posesion-efectiva","status":"publish","type":"page","link":"https:\/\/www.rpcayambe.gob.ec\/site\/posesion-efectiva\/","title":{"rendered":"Posesi\u00f3n Efectiva"},"content":{"rendered":"\t\t<div data-elementor-type=\"wp-page\" data-elementor-id=\"293\" class=\"elementor elementor-293\">\n\t\t\t\t\t\t<section class=\"elementor-section elementor-top-section elementor-element elementor-element-3d285195 elementor-section-boxed elementor-section-height-default elementor-section-height-default\" data-id=\"3d285195\" data-element_type=\"section\" data-e-type=\"section\">\n\t\t\t\t\t\t<div class=\"elementor-container elementor-column-gap-default\">\n\t\t\t\t\t<div class=\"elementor-column elementor-col-100 elementor-top-column elementor-element elementor-element-117d4bf4\" data-id=\"117d4bf4\" data-element_type=\"column\" data-e-type=\"column\">\n\t\t\t<div class=\"elementor-widget-wrap elementor-element-populated\">\n\t\t\t\t\t\t<div class=\"elementor-element elementor-element-d71526b elementor-widget elementor-widget-image\" data-id=\"d71526b\" data-element_type=\"widget\" data-e-type=\"widget\" data-widget_type=\"image.default\">\n\t\t\t\t<div class=\"elementor-widget-container\">\n\t\t\t\t\t\t\t\t\t\t\t\t\t\t\t<img fetchpriority=\"high\" decoding=\"async\" width=\"1536\" height=\"762\" src=\"https:\/\/www.rpcayambe.gob.ec\/site\/wp-content\/uploads\/2023\/09\/5_Mesa-de-trabajo-1-1536x762.jpg\" class=\"attachment-1536x1536 size-1536x1536 wp-image-2522\" alt=\"\" srcset=\"https:\/\/www.rpcayambe.gob.ec\/site\/wp-content\/uploads\/2023\/09\/5_Mesa-de-trabajo-1-1536x762.jpg 1536w, https:\/\/www.rpcayambe.gob.ec\/site\/wp-content\/uploads\/2023\/09\/5_Mesa-de-trabajo-1-300x149.jpg 300w, https:\/\/www.rpcayambe.gob.ec\/site\/wp-content\/uploads\/2023\/09\/5_Mesa-de-trabajo-1-1024x508.jpg 1024w, https:\/\/www.rpcayambe.gob.ec\/site\/wp-content\/uploads\/2023\/09\/5_Mesa-de-trabajo-1-768x381.jpg 768w, https:\/\/www.rpcayambe.gob.ec\/site\/wp-content\/uploads\/2023\/09\/5_Mesa-de-trabajo-1-2048x1016.jpg 2048w, https:\/\/www.rpcayambe.gob.ec\/site\/wp-content\/uploads\/2023\/09\/5_Mesa-de-trabajo-1-200x99.jpg 200w\" sizes=\"(max-width: 1536px) 100vw, 1536px\" \/>\t\t\t\t\t\t\t\t\t\t\t\t\t\t\t<\/div>\n\t\t\t\t<\/div>\n\t\t\t\t<div class=\"elementor-element elementor-element-436129b5 elementor-widget elementor-widget-text-editor\" data-id=\"436129b5\" data-element_type=\"widget\" data-e-type=\"widget\" data-widget_type=\"text-editor.default\">\n\t\t\t\t<div class=\"elementor-widget-container\">\n\t\t\t\t\t\t\t\t\t<p><\/p>\n<h2 class=\"wp-block-heading\"><strong>Requisitos para la inscripci\u00f3n de Posesi\u00f3n Efectiva:<\/strong><\/h2>\n<p><\/p>\n<p><\/p>\n<p><strong>1.- Copia certificada del Acta Notarial de Posesi\u00f3n Efectiva; o en su defecto copia certificada del proceso o sentencia, notificada en legal y debida forma.<\/strong><\/p>\n<p><\/p>\n<p><\/p>\n<ul class=\"wp-block-list\">\n<li>Si no se presenta la primera copia certificada, solicitar un certificado de b\u00fasqueda<\/li>\n<\/ul>\n<p><\/p>\n<p><\/p>\n<p><strong>2.- Si el causante tiene bienes inscritos, adjuntar copia del t\u00edtulo de propiedad (por cada inmueble).<\/strong><\/p>\n<p><\/p>\n<p><\/p>\n<p><strong>3.- Original de c\u00e9dula y papeleta de votaci\u00f3n (Todos los comparecientes)<\/strong><\/p>\n<p><\/p>\n<p><\/p>\n<ul class=\"wp-block-list\">\n<li>Si se trata de una persona que comparece mediante un apoderado, adjuntar el poder y la vigencia del mismo. De igual manera el poder debe contener la autorizaci\u00f3n expresa para el acto o contrato a celebrarse.<\/li>\n<li>En el caso de que en el contrato se estipule a nombre de una persona, se deber\u00e1 traer el original de la c\u00e9dula de la persona por que se estipule.<\/li>\n<li>Para solicitar la inscripci\u00f3n de un acto o contrato, es necesario que el solicitante se encuentre debidamente facultado. (Art. 41 inciso 2 Ley de Registro)<\/li>\n<\/ul>\n<div><strong>4.- Impuesto a la herencia del fallecido.&nbsp;<\/strong><span style=\"color: var( --e-global-color-text ); font-family: var( --e-global-typography-text-font-family ), Sans-serif; font-weight: var( --e-global-typography-text-font-weight );\">Seg\u00fan se\u00f1ala el Art. 36, literal d), sexto inciso de la Ley de R\u00e9gimen Tributario Interno.&nbsp;<\/span><br><\/div>\n<p><\/p>\n<p><\/p>\n<p><a href=\"https:\/\/www.rpcayambe.gob.ec\/sitio\/wp-content\/uploads\/photo-gallery\/imported_from_media_libray\/\/5-1.png\"><\/a><\/p>\n<p><\/p>\t\t\t\t\t\t\t\t<\/div>\n\t\t\t\t<\/div>\n\t\t\t\t\t<\/div>\n\t\t<\/div>\n\t\t\t\t\t<\/div>\n\t\t<\/section>\n\t\t\t\t<\/div>\n\t\t","protected":false},"excerpt":{"rendered":"<p>Requisitos para la inscripci\u00f3n de Posesi\u00f3n Efectiva: 1.- Copia certificada del Acta Notarial de Posesi\u00f3n Efectiva; o en su defecto copia certificada del proceso o sentencia, notificada en legal y debida forma.<a class=\"moretag\" href=\"https:\/\/www.rpcayambe.gob.ec\/site\/posesion-efectiva\/\">Leer m\u00e1s&#8230;<\/a><\/p>\n","protected":false},"author":2,"featured_media":0,"parent":0,"menu_order":0,"comment_status":"closed","ping_status":"closed","template":"","meta":{"footnotes":""},"class_list":["post-293","page","type-page","status-publish","hentry"],"_links":{"self":[{"href":"https:\/\/www.rpcayambe.gob.ec\/site\/wp-json\/wp\/v2\/pages\/293","targetHints":{"allow":["GET"]}}],"collection":[{"href":"https:\/\/www.rpcayambe.gob.ec\/site\/wp-json\/wp\/v2\/pages"}],"about":[{"href":"https:\/\/www.rpcayambe.gob.ec\/site\/wp-json\/wp\/v2\/types\/page"}],"author":[{"embeddable":true,"href":"https:\/\/www.rpcayambe.gob.ec\/site\/wp-json\/wp\/v2\/users\/2"}],"replies":[{"embeddable":true,"href":"https:\/\/www.rpcayambe.gob.ec\/site\/wp-json\/wp\/v2\/comments?post=293"}],"version-history":[{"count":12,"href":"https:\/\/www.rpcayambe.gob.ec\/site\/wp-json\/wp\/v2\/pages\/293\/revisions"}],"predecessor-version":[{"id":2585,"href":"https:\/\/www.rpcayambe.gob.ec\/site\/wp-json\/wp\/v2\/pages\/293\/revisions\/2585"}],"wp:attachment":[{"href":"https:\/\/www.rpcayambe.gob.ec\/site\/wp-json\/wp\/v2\/media?parent=293"}],"curies":[{"name":"wp","href":"https:\/\/api.w.org\/{rel}","templated":true}]}}