{"id":284,"date":"2020-10-14T21:25:44","date_gmt":"2020-10-14T21:25:44","guid":{"rendered":"https:\/\/www.rpcayambe.gob.ec\/site\/?page_id=284"},"modified":"2023-09-27T15:57:02","modified_gmt":"2023-09-27T20:57:02","slug":"cancelacion-de-hipoteca","status":"publish","type":"page","link":"https:\/\/www.rpcayambe.gob.ec\/site\/cancelacion-de-hipoteca\/","title":{"rendered":"Cancelaci\u00f3n de Hipoteca"},"content":{"rendered":"\t\t<div data-elementor-type=\"wp-page\" data-elementor-id=\"284\" class=\"elementor elementor-284\">\n\t\t\t\t\t\t\t\t\t<section class=\"elementor-section elementor-top-section elementor-element elementor-element-3b66a853 elementor-section-boxed elementor-section-height-default elementor-section-height-default\" data-id=\"3b66a853\" data-element_type=\"section\">\n\t\t\t\t\t\t<div class=\"elementor-container elementor-column-gap-default\">\n\t\t\t\t\t<div class=\"elementor-column elementor-col-100 elementor-top-column elementor-element elementor-element-e147714\" data-id=\"e147714\" data-element_type=\"column\">\n\t\t\t<div class=\"elementor-widget-wrap elementor-element-populated\">\n\t\t\t\t\t\t\t\t<div class=\"elementor-element elementor-element-4b008ad elementor-widget elementor-widget-image\" data-id=\"4b008ad\" data-element_type=\"widget\" data-widget_type=\"image.default\">\n\t\t\t\t<div class=\"elementor-widget-container\">\n\t\t\t\t\t\t\t\t\t\t\t\t\t\t\t<img decoding=\"async\" loading=\"lazy\" width=\"1536\" height=\"762\" src=\"https:\/\/www.rpcayambe.gob.ec\/site\/wp-content\/uploads\/2023\/09\/2_Mesa-de-trabajo-1-1536x762.jpg\" class=\"attachment-1536x1536 size-1536x1536 wp-image-2519\" alt=\"\" srcset=\"https:\/\/www.rpcayambe.gob.ec\/site\/wp-content\/uploads\/2023\/09\/2_Mesa-de-trabajo-1-1536x762.jpg 1536w, https:\/\/www.rpcayambe.gob.ec\/site\/wp-content\/uploads\/2023\/09\/2_Mesa-de-trabajo-1-300x149.jpg 300w, https:\/\/www.rpcayambe.gob.ec\/site\/wp-content\/uploads\/2023\/09\/2_Mesa-de-trabajo-1-1024x508.jpg 1024w, https:\/\/www.rpcayambe.gob.ec\/site\/wp-content\/uploads\/2023\/09\/2_Mesa-de-trabajo-1-768x381.jpg 768w, https:\/\/www.rpcayambe.gob.ec\/site\/wp-content\/uploads\/2023\/09\/2_Mesa-de-trabajo-1-2048x1016.jpg 2048w, https:\/\/www.rpcayambe.gob.ec\/site\/wp-content\/uploads\/2023\/09\/2_Mesa-de-trabajo-1-200x99.jpg 200w\" sizes=\"(max-width: 1536px) 100vw, 1536px\" \/>\t\t\t\t\t\t\t\t\t\t\t\t\t\t\t<\/div>\n\t\t\t\t<\/div>\n\t\t\t\t<div class=\"elementor-element elementor-element-51b89097 elementor-widget elementor-widget-text-editor\" data-id=\"51b89097\" data-element_type=\"widget\" data-widget_type=\"text-editor.default\">\n\t\t\t\t<div class=\"elementor-widget-container\">\n\t\t\t\t\t\t\t<!-- wp:heading -->\n<h2><strong>Requisitos para la inscripci\u00f3n de Cancelaciones de Hipoteca:<\/strong><\/h2>\n<!-- \/wp:heading -->\n\n<!-- wp:paragraph -->\n<p><strong>1.- Presentar copia certificada de la escritura p\u00fablica.<\/strong><\/p>\n<!-- \/wp:paragraph -->\n\n<!-- wp:paragraph -->\n<p><strong>2.- Presentar copia de escritura de hipoteca o Certificado de grav\u00e1menes actualizado (por cada inmueble).<\/strong><\/p>\n<!-- \/wp:paragraph -->\n\n<!-- wp:paragraph -->\n<p><strong>3.- Planos y Permisos Correspondientes<\/strong><\/p>\n<!-- \/wp:paragraph -->\n\n<!-- wp:list -->\n<ul><li>Cuando se trate de cancelaci\u00f3n parcial de hipoteca, adjuntar los planos y el informe favorable de fraccionamiento debidamente aprobado.<\/li><\/ul>\n<!-- \/wp:list -->\n\n<!-- wp:paragraph -->\n<p><strong>4.- Copias de c\u00e9dula y papeleta de votaci\u00f3n (Acreedor y Deudor)<\/strong><\/p>\n<!-- \/wp:paragraph -->\n\n<!-- wp:list -->\n<ul><li>Si el Acreedor que otorga el contrato de cancelaci\u00f3n es persona jur\u00eddica, adjuntar el nombramiento del Representante Legal debidamente inscrito y actualizado.<\/li><\/ul>\n<!-- \/wp:list -->\n\n<!-- wp:paragraph -->\n<p><\/p>\n<!-- \/wp:paragraph -->\t\t\t\t\t\t<\/div>\n\t\t\t\t<\/div>\n\t\t\t\t\t<\/div>\n\t\t<\/div>\n\t\t\t\t\t\t\t<\/div>\n\t\t<\/section>\n\t\t\t\t\t\t\t<\/div>\n\t\t","protected":false},"excerpt":{"rendered":"<p>Requisitos para la inscripci\u00f3n de Cancelaciones de Hipoteca: 1.- Presentar copia certificada de la escritura p\u00fablica. 2.- Presentar copia de escritura de hipoteca o Certificado de grav\u00e1menes actualizado (por cada inmueble). 3.-<a class=\"moretag\" href=\"https:\/\/www.rpcayambe.gob.ec\/site\/cancelacion-de-hipoteca\/\">Leer m\u00e1s&#8230;<\/a><\/p>\n","protected":false},"author":2,"featured_media":0,"parent":0,"menu_order":0,"comment_status":"closed","ping_status":"closed","template":"","meta":{"footnotes":""},"_links":{"self":[{"href":"https:\/\/www.rpcayambe.gob.ec\/site\/wp-json\/wp\/v2\/pages\/284"}],"collection":[{"href":"https:\/\/www.rpcayambe.gob.ec\/site\/wp-json\/wp\/v2\/pages"}],"about":[{"href":"https:\/\/www.rpcayambe.gob.ec\/site\/wp-json\/wp\/v2\/types\/page"}],"author":[{"embeddable":true,"href":"https:\/\/www.rpcayambe.gob.ec\/site\/wp-json\/wp\/v2\/users\/2"}],"replies":[{"embeddable":true,"href":"https:\/\/www.rpcayambe.gob.ec\/site\/wp-json\/wp\/v2\/comments?post=284"}],"version-history":[{"count":6,"href":"https:\/\/www.rpcayambe.gob.ec\/site\/wp-json\/wp\/v2\/pages\/284\/revisions"}],"predecessor-version":[{"id":2549,"href":"https:\/\/www.rpcayambe.gob.ec\/site\/wp-json\/wp\/v2\/pages\/284\/revisions\/2549"}],"wp:attachment":[{"href":"https:\/\/www.rpcayambe.gob.ec\/site\/wp-json\/wp\/v2\/media?parent=284"}],"curies":[{"name":"wp","href":"https:\/\/api.w.org\/{rel}","templated":true}]}}