{"id":1502,"date":"2021-10-19T14:55:36","date_gmt":"2021-10-19T19:55:36","guid":{"rendered":"https:\/\/www.rpcayambe.gob.ec\/site\/?page_id=1502"},"modified":"2024-03-20T15:20:22","modified_gmt":"2024-03-20T20:20:22","slug":"validacion-de-certificados","status":"publish","type":"page","link":"https:\/\/www.rpcayambe.gob.ec\/site\/validacion-de-certificados\/","title":{"rendered":"Validar Certificado digital"},"content":{"rendered":"\t\t<div data-elementor-type=\"wp-page\" data-elementor-id=\"1502\" class=\"elementor elementor-1502\">\n\t\t\t\t\t\t<section class=\"elementor-section elementor-top-section elementor-element elementor-element-d2d1716 elementor-section-boxed elementor-section-height-default elementor-section-height-default\" data-id=\"d2d1716\" data-element_type=\"section\" data-e-type=\"section\">\n\t\t\t\t\t\t<div class=\"elementor-container elementor-column-gap-default\">\n\t\t\t\t\t<div class=\"elementor-column elementor-col-100 elementor-top-column elementor-element elementor-element-521471f\" data-id=\"521471f\" data-element_type=\"column\" data-e-type=\"column\">\n\t\t\t<div class=\"elementor-widget-wrap elementor-element-populated\">\n\t\t\t\t\t\t<div class=\"elementor-element elementor-element-3a369b7 elementor-widget elementor-widget-accordion\" data-id=\"3a369b7\" data-element_type=\"widget\" data-e-type=\"widget\" data-widget_type=\"accordion.default\">\n\t\t\t\t<div class=\"elementor-widget-container\">\n\t\t\t\t\t\t\t<div class=\"elementor-accordion\">\n\t\t\t\t\t\t\t<div class=\"elementor-accordion-item\">\n\t\t\t\t\t<div id=\"elementor-tab-title-6101\" class=\"elementor-tab-title\" data-tab=\"1\" role=\"button\" aria-controls=\"elementor-tab-content-6101\" aria-expanded=\"false\">\n\t\t\t\t\t\t\t\t\t\t\t\t\t<span class=\"elementor-accordion-icon elementor-accordion-icon-left\" aria-hidden=\"true\">\n\t\t\t\t\t\t\t\t\t\t\t\t\t\t\t<span class=\"elementor-accordion-icon-closed\"><i class=\"fas fa-caret-square-down\"><\/i><\/span>\n\t\t\t\t\t\t\t\t<span class=\"elementor-accordion-icon-opened\"><i class=\"far fa-caret-square-up\"><\/i><\/span>\n\t\t\t\t\t\t\t\t\t\t\t\t\t\t<\/span>\n\t\t\t\t\t\t\t\t\t\t\t\t<a class=\"elementor-accordion-title\" tabindex=\"0\">\u00bfC\u00f3mo validar un Certificado digital?<\/a>\n\t\t\t\t\t<\/div>\n\t\t\t\t\t<div id=\"elementor-tab-content-6101\" class=\"elementor-tab-content elementor-clearfix\" data-tab=\"1\" role=\"region\" aria-labelledby=\"elementor-tab-title-6101\"><p align=\"justify\">Para brindar seguridad jur\u00eddica sobre los documentos electr\u00f3nicos emitidos por el Registro de la Propiedad y Mercantil del Cant\u00f3n Cayambe, se pone a su disposici\u00f3n la presente\u00a0<b>herramienta de validaci\u00f3n de Certificados emitidos de manera digital.<\/b><\/p><p align=\"justify\"><b>IMPORTANTE: <\/b>Recuerde que solo podr\u00e1 validar los Certificados digitales emitidos durante el per\u00edodo en curso.<\/p><p align=\"justify\"><b>PROCEDIMIENTO:<\/b><\/p><ul><li>1. Identificar en su documento digital el n\u00famero de tr\u00e1mite y n\u00famero de certificado\u00a0<\/li><li>2. Digitar el n\u00famero de tr\u00e1mite y certificado en los campos de la herramienta de consulta, luego presionar el bot\u00f3n \u00abConsultar\u00bb.<\/li><li>3. Revisar los resultados de la b\u00fasqueda y dar clic en el bot\u00f3n \u00abVer Certificado digital\u00bb<\/li><li>4. Luego de leer y entender las consideraciones presentadas presionar el bot\u00f3n \u00abVer Certificado\u00bb<\/li><\/ul><\/div>\n\t\t\t\t<\/div>\n\t\t\t\t\t\t\t\t<\/div>\n\t\t\t\t\t\t<\/div>\n\t\t\t\t<\/div>\n\t\t\t\t\t<\/div>\n\t\t<\/div>\n\t\t\t\t\t<\/div>\n\t\t<\/section>\n\t\t\t\t<section class=\"elementor-section elementor-top-section elementor-element elementor-element-27cdc49 elementor-section-full_width elementor-section-content-space-evenly elementor-section-stretched elementor-section-height-default elementor-section-height-default\" data-id=\"27cdc49\" data-element_type=\"section\" data-e-type=\"section\" data-settings=\"{&quot;stretch_section&quot;:&quot;section-stretched&quot;}\">\n\t\t\t\t\t\t<div class=\"elementor-container elementor-column-gap-wide\">\n\t\t\t\t\t<div class=\"elementor-column elementor-col-100 elementor-top-column elementor-element elementor-element-1528e50\" data-id=\"1528e50\" data-element_type=\"column\" data-e-type=\"column\">\n\t\t\t<div class=\"elementor-widget-wrap elementor-element-populated\">\n\t\t\t\t\t\t<div class=\"elementor-element elementor-element-cc0b3d8 elementor-widget__width-inherit elementor-widget elementor-widget-html\" data-id=\"cc0b3d8\" data-element_type=\"widget\" data-e-type=\"widget\" data-widget_type=\"html.default\">\n\t\t\t\t<div class=\"elementor-widget-container\">\n\t\t\t\t\t<p>\r\n<iframe style=\"vertical-align: middle;\" src=\"https:\/\/validar.rpcayambe.gob.ec\" width=\"800\" height=\"800\" frameborder=\"0\" scrolling=\"auto\"><\/iframe><\/p>\t\t\t\t<\/div>\n\t\t\t\t<\/div>\n\t\t\t\t\t<\/div>\n\t\t<\/div>\n\t\t\t\t\t<\/div>\n\t\t<\/section>\n\t\t\t\t<\/div>\n\t\t","protected":false},"excerpt":{"rendered":"<p>\u00bfC\u00f3mo validar un Certificado digital? Para brindar seguridad jur\u00eddica sobre los documentos electr\u00f3nicos emitidos por el Registro de la Propiedad y Mercantil del Cant\u00f3n Cayambe, se pone a su disposici\u00f3n la presente\u00a0herramienta<a class=\"moretag\" href=\"https:\/\/www.rpcayambe.gob.ec\/site\/validacion-de-certificados\/\">Leer m\u00e1s&#8230;<\/a><\/p>\n","protected":false},"author":1,"featured_media":0,"parent":0,"menu_order":0,"comment_status":"closed","ping_status":"closed","template":"","meta":{"footnotes":""},"class_list":["post-1502","page","type-page","status-publish","hentry"],"_links":{"self":[{"href":"https:\/\/www.rpcayambe.gob.ec\/site\/wp-json\/wp\/v2\/pages\/1502","targetHints":{"allow":["GET"]}}],"collection":[{"href":"https:\/\/www.rpcayambe.gob.ec\/site\/wp-json\/wp\/v2\/pages"}],"about":[{"href":"https:\/\/www.rpcayambe.gob.ec\/site\/wp-json\/wp\/v2\/types\/page"}],"author":[{"embeddable":true,"href":"https:\/\/www.rpcayambe.gob.ec\/site\/wp-json\/wp\/v2\/users\/1"}],"replies":[{"embeddable":true,"href":"https:\/\/www.rpcayambe.gob.ec\/site\/wp-json\/wp\/v2\/comments?post=1502"}],"version-history":[{"count":62,"href":"https:\/\/www.rpcayambe.gob.ec\/site\/wp-json\/wp\/v2\/pages\/1502\/revisions"}],"predecessor-version":[{"id":2803,"href":"https:\/\/www.rpcayambe.gob.ec\/site\/wp-json\/wp\/v2\/pages\/1502\/revisions\/2803"}],"wp:attachment":[{"href":"https:\/\/www.rpcayambe.gob.ec\/site\/wp-json\/wp\/v2\/media?parent=1502"}],"curies":[{"name":"wp","href":"https:\/\/api.w.org\/{rel}","templated":true}]}}