{"id":1258,"date":"2021-06-08T12:09:39","date_gmt":"2021-06-08T17:09:39","guid":{"rendered":"https:\/\/www.rpcayambe.gob.ec\/site\/?page_id=1258"},"modified":"2021-06-18T16:20:03","modified_gmt":"2021-06-18T21:20:03","slug":"buzon-de-sugerencias-2020","status":"publish","type":"page","link":"https:\/\/www.rpcayambe.gob.ec\/site\/buzon-de-sugerencias-2020\/","title":{"rendered":"Buz\u00f3n de Sugerencias 2020"},"content":{"rendered":"\t\t<div data-elementor-type=\"wp-page\" data-elementor-id=\"1258\" class=\"elementor elementor-1258\">\n\t\t\t\t\t\t<section class=\"elementor-section elementor-top-section elementor-element elementor-element-50a56868 elementor-section-boxed elementor-section-height-default elementor-section-height-default\" data-id=\"50a56868\" data-element_type=\"section\" data-e-type=\"section\">\n\t\t\t\t\t\t<div class=\"elementor-container elementor-column-gap-default\">\n\t\t\t\t\t<div class=\"elementor-column elementor-col-100 elementor-top-column elementor-element elementor-element-79268883\" data-id=\"79268883\" data-element_type=\"column\" data-e-type=\"column\">\n\t\t\t<div class=\"elementor-widget-wrap elementor-element-populated\">\n\t\t\t\t\t\t<div class=\"elementor-element elementor-element-14926679 elementor-widget elementor-widget-text-editor\" data-id=\"14926679\" data-element_type=\"widget\" data-e-type=\"widget\" data-widget_type=\"text-editor.default\">\n\t\t\t\t<div class=\"elementor-widget-container\">\n\t\t\t\t\t\t\t\t\t\n<div class=\"wp-block-image\">\n<figure class=\"aligncenter size-large\"><img fetchpriority=\"high\" decoding=\"async\" width=\"1024\" height=\"597\" class=\"wp-image-1271\" src=\"https:\/\/www.rpcayambe.gob.ec\/site\/wp-content\/uploads\/2021\/06\/BUZON-DE-SUGERENCIAS-1024x597.png\" alt=\"\" srcset=\"https:\/\/www.rpcayambe.gob.ec\/site\/wp-content\/uploads\/2021\/06\/BUZON-DE-SUGERENCIAS-1024x597.png 1024w, https:\/\/www.rpcayambe.gob.ec\/site\/wp-content\/uploads\/2021\/06\/BUZON-DE-SUGERENCIAS-300x175.png 300w, https:\/\/www.rpcayambe.gob.ec\/site\/wp-content\/uploads\/2021\/06\/BUZON-DE-SUGERENCIAS-768x448.png 768w, https:\/\/www.rpcayambe.gob.ec\/site\/wp-content\/uploads\/2021\/06\/BUZON-DE-SUGERENCIAS-1536x896.png 1536w, https:\/\/www.rpcayambe.gob.ec\/site\/wp-content\/uploads\/2021\/06\/BUZON-DE-SUGERENCIAS.png 1594w\" sizes=\"(max-width: 1024px) 100vw, 1024px\" \/><\/figure>\n<\/div>\n\n<p>Estimado ciudadano dando cumplimiento al Instructivo para implementar la fase de deliberaci\u00f3n ciudadana del proceso de rendici\u00f3n de cuentas periodo fiscal 2020, emitido por el CPCCS, el Registro de la Propiedad y Mercantil del Cat\u00f3n Cayambe, pone a su disposici\u00f3n este medio de opini\u00f3n, sugerencias y aporte ciudadano a los resultados presentados por la autoridad sobre la gesti\u00f3n institucional.<\/p>\n\n<div class=\"wp-block-contact-form-7-contact-form-selector\">\n<div class=\"wpcf7 no-js\" id=\"wpcf7-f750-o1\" lang=\"es-ES\" dir=\"ltr\" data-wpcf7-id=\"750\">\n<div class=\"screen-reader-response\"><p role=\"status\" aria-live=\"polite\" aria-atomic=\"true\"><\/p> <ul><\/ul><\/div>\n<form action=\"\/site\/wp-json\/wp\/v2\/pages\/1258#wpcf7-f750-o1\" method=\"post\" class=\"wpcf7-form init\" aria-label=\"Formulario de contacto\" novalidate=\"novalidate\" data-status=\"init\">\n<fieldset class=\"hidden-fields-container\"><input type=\"hidden\" name=\"_wpcf7\" value=\"750\" \/><input type=\"hidden\" name=\"_wpcf7_version\" value=\"6.1.5\" \/><input type=\"hidden\" name=\"_wpcf7_locale\" value=\"es_ES\" \/><input type=\"hidden\" name=\"_wpcf7_unit_tag\" value=\"wpcf7-f750-o1\" \/><input type=\"hidden\" name=\"_wpcf7_container_post\" value=\"0\" \/><input type=\"hidden\" name=\"_wpcf7_posted_data_hash\" value=\"\" \/><input type=\"hidden\" name=\"_wpcf7_recaptcha_response\" value=\"\" \/>\n<\/fieldset>\n<p><span class=\"wpcf7-form-control-wrap\" data-name=\"text-ced\"><input size=\"40\" maxlength=\"10\" minlength=\"10\" class=\"wpcf7-form-control wpcf7-text wpcf7-validates-as-required form-control\" aria-required=\"true\" aria-invalid=\"false\" placeholder=\"N\u00famero de C\u00e9dula\" value=\"\" type=\"text\" name=\"text-ced\" \/><\/span>\n<\/p>\n<p><span class=\"wpcf7-form-control-wrap\" data-name=\"text-nom\"><input size=\"40\" maxlength=\"400\" class=\"wpcf7-form-control wpcf7-text wpcf7-validates-as-required form-control\" aria-required=\"true\" aria-invalid=\"false\" placeholder=\"Sus Nombres\" value=\"\" type=\"text\" name=\"text-nom\" \/><\/span>\n<\/p>\n<p><span class=\"wpcf7-form-control-wrap\" data-name=\"text-ape\"><input size=\"40\" maxlength=\"400\" class=\"wpcf7-form-control wpcf7-text wpcf7-validates-as-required form-control\" aria-required=\"true\" aria-invalid=\"false\" placeholder=\"Sus Apellidos\" value=\"\" type=\"text\" name=\"text-ape\" \/><\/span>\n<\/p>\n<p><span class=\"wpcf7-form-control-wrap\" data-name=\"text-email\"><input size=\"40\" maxlength=\"400\" class=\"wpcf7-form-control wpcf7-email wpcf7-validates-as-required wpcf7-text wpcf7-validates-as-email form-control\" aria-required=\"true\" aria-invalid=\"false\" placeholder=\"Email\" value=\"\" type=\"email\" name=\"text-email\" \/><\/span>\n<\/p>\n<p><span class=\"wpcf7-form-control-wrap\" data-name=\"text-cel\"><input size=\"40\" maxlength=\"10\" minlength=\"10\" class=\"wpcf7-form-control wpcf7-text wpcf7-validates-as-required form-control\" aria-required=\"true\" aria-invalid=\"false\" placeholder=\"Tel\u00e9fono celular\" value=\"\" type=\"text\" name=\"text-cel\" \/><\/span>\n<\/p>\n<p><span class=\"wpcf7-form-control-wrap\" data-name=\"text-telf\"><input size=\"40\" maxlength=\"9\" minlength=\"7\" class=\"wpcf7-form-control wpcf7-text wpcf7-validates-as-required form-control\" aria-required=\"true\" aria-invalid=\"false\" placeholder=\"Tel\u00e9fono fijo\" value=\"\" type=\"text\" name=\"text-telf\" \/><\/span>\n<\/p>\n<p><span class=\"wpcf7-form-control-wrap\" data-name=\"text-sugerencia\"><textarea cols=\"40\" rows=\"10\" maxlength=\"2000\" class=\"wpcf7-form-control wpcf7-textarea wpcf7-validates-as-required form-control\" aria-required=\"true\" aria-invalid=\"false\" placeholder=\"Sugerencia\" name=\"text-sugerencia\"><\/textarea><\/span>\n<\/p>\n<p><label> Digite el siguiente c\u00f3digo de verificaci\u00f3n<br \/>\n<strong>Advertencia:<\/strong> El plugin <a href=\"https:\/\/wordpress.org\/plugins\/really-simple-captcha\/\">Really Simple CAPTCHA<\/a> no est\u00e1 activo.<br \/>\n<span class=\"wpcf7-form-control-wrap\" data-name=\"captcha-170\"><input size=\"4\" maxlength=\"4\" class=\"wpcf7-form-control wpcf7-captchar\" autocomplete=\"off\" aria-invalid=\"false\" value=\"\" type=\"text\" name=\"captcha-170\" \/><\/span> <\/label>\n<\/p>\n<p><input class=\"wpcf7-form-control wpcf7-submit has-spinner btn btn-primary\" type=\"submit\" value=\"Enviar\" \/>\n<\/p><div class=\"wpcf7-response-output\" aria-hidden=\"true\"><\/div>\n<\/form>\n<\/div>\n<\/div>\n\n<p>Si deseas revisar nuevamenta la Rendici\u00f3n de Cuentas del Registro de la Propiedad y Mercantil del Cant\u00f3n Cayambe da click en el siguiente enlace.<\/p>\n\t\t\t\t\t\t\t\t<\/div>\n\t\t\t\t<\/div>\n\t\t\t\t\t<\/div>\n\t\t<\/div>\n\t\t\t\t\t<\/div>\n\t\t<\/section>\n\t\t\t\t<section class=\"elementor-section elementor-top-section elementor-element elementor-element-7e6310c elementor-section-boxed elementor-section-height-default elementor-section-height-default\" data-id=\"7e6310c\" data-element_type=\"section\" data-e-type=\"section\">\n\t\t\t\t\t\t<div class=\"elementor-container elementor-column-gap-default\">\n\t\t\t\t\t<div class=\"elementor-column elementor-col-33 elementor-top-column elementor-element elementor-element-9bad9f4\" data-id=\"9bad9f4\" data-element_type=\"column\" data-e-type=\"column\">\n\t\t\t<div class=\"elementor-widget-wrap\">\n\t\t\t\t\t\t\t<\/div>\n\t\t<\/div>\n\t\t\t\t<div class=\"elementor-column elementor-col-33 elementor-top-column elementor-element elementor-element-cf6f525\" data-id=\"cf6f525\" data-element_type=\"column\" data-e-type=\"column\">\n\t\t\t<div class=\"elementor-widget-wrap elementor-element-populated\">\n\t\t\t\t\t\t<div class=\"elementor-element elementor-element-addebc1 elementor-invisible elementor-widget elementor-widget-image\" data-id=\"addebc1\" data-element_type=\"widget\" data-e-type=\"widget\" data-settings=\"{&quot;_animation&quot;:&quot;bounceIn&quot;}\" data-widget_type=\"image.default\">\n\t\t\t\t<div class=\"elementor-widget-container\">\n\t\t\t\t\t\t\t\t\t\t\t\t\t\t\t\t<a href=\"https:\/\/www.rpcayambe.gob.ec\/site\/rendicion-de-cuentas-2020\/\">\n\t\t\t\t\t\t\t<img decoding=\"async\" width=\"604\" height=\"189\" src=\"https:\/\/www.rpcayambe.gob.ec\/site\/wp-content\/uploads\/2020\/10\/Rendicion-de-cuentas1.png\" class=\"attachment-large size-large wp-image-655\" alt=\"\" srcset=\"https:\/\/www.rpcayambe.gob.ec\/site\/wp-content\/uploads\/2020\/10\/Rendicion-de-cuentas1.png 800w, https:\/\/www.rpcayambe.gob.ec\/site\/wp-content\/uploads\/2020\/10\/Rendicion-de-cuentas1-300x94.png 300w, https:\/\/www.rpcayambe.gob.ec\/site\/wp-content\/uploads\/2020\/10\/Rendicion-de-cuentas1-768x240.png 768w\" sizes=\"(max-width: 604px) 100vw, 604px\" \/>\t\t\t\t\t\t\t\t<\/a>\n\t\t\t\t\t\t\t\t\t\t\t\t\t\t\t<\/div>\n\t\t\t\t<\/div>\n\t\t\t\t\t<\/div>\n\t\t<\/div>\n\t\t\t\t<div class=\"elementor-column elementor-col-33 elementor-top-column elementor-element elementor-element-6a96387\" data-id=\"6a96387\" data-element_type=\"column\" data-e-type=\"column\">\n\t\t\t<div class=\"elementor-widget-wrap\">\n\t\t\t\t\t\t\t<\/div>\n\t\t<\/div>\n\t\t\t\t\t<\/div>\n\t\t<\/section>\n\t\t\t\t<\/div>\n\t\t","protected":false},"excerpt":{"rendered":"<p>Estimado ciudadano dando cumplimiento al Instructivo para implementar la fase de deliberaci\u00f3n ciudadana del proceso de rendici\u00f3n de cuentas periodo fiscal 2020, emitido por el CPCCS, el Registro de la Propiedad y<a class=\"moretag\" href=\"https:\/\/www.rpcayambe.gob.ec\/site\/buzon-de-sugerencias-2020\/\">Leer m\u00e1s&#8230;<\/a><\/p>\n","protected":false},"author":2,"featured_media":0,"parent":0,"menu_order":0,"comment_status":"closed","ping_status":"closed","template":"","meta":{"footnotes":""},"class_list":["post-1258","page","type-page","status-publish","hentry"],"_links":{"self":[{"href":"https:\/\/www.rpcayambe.gob.ec\/site\/wp-json\/wp\/v2\/pages\/1258","targetHints":{"allow":["GET"]}}],"collection":[{"href":"https:\/\/www.rpcayambe.gob.ec\/site\/wp-json\/wp\/v2\/pages"}],"about":[{"href":"https:\/\/www.rpcayambe.gob.ec\/site\/wp-json\/wp\/v2\/types\/page"}],"author":[{"embeddable":true,"href":"https:\/\/www.rpcayambe.gob.ec\/site\/wp-json\/wp\/v2\/users\/2"}],"replies":[{"embeddable":true,"href":"https:\/\/www.rpcayambe.gob.ec\/site\/wp-json\/wp\/v2\/comments?post=1258"}],"version-history":[{"count":16,"href":"https:\/\/www.rpcayambe.gob.ec\/site\/wp-json\/wp\/v2\/pages\/1258\/revisions"}],"predecessor-version":[{"id":1330,"href":"https:\/\/www.rpcayambe.gob.ec\/site\/wp-json\/wp\/v2\/pages\/1258\/revisions\/1330"}],"wp:attachment":[{"href":"https:\/\/www.rpcayambe.gob.ec\/site\/wp-json\/wp\/v2\/media?parent=1258"}],"curies":[{"name":"wp","href":"https:\/\/api.w.org\/{rel}","templated":true}]}}